{"id":3612,"date":"2024-04-09T12:54:12","date_gmt":"2024-04-09T12:54:12","guid":{"rendered":"https:\/\/sandbox.codespace.host\/?page_id=3612"},"modified":"2024-12-12T10:07:12","modified_gmt":"2024-12-12T10:07:12","slug":"allgemeine-geschaeftsbedingungen","status":"publish","type":"page","link":"https:\/\/maya-popcorn.ch\/en\/allgemeine-geschaeftsbedingungen\/","title":{"rendered":"Allgemeine Gesch\u00e4ftsbedingungen"},"content":{"rendered":"<div data-elementor-type=\"wp-page\" data-elementor-id=\"3612\" class=\"elementor elementor-3612\" data-elementor-post-type=\"page\">\n\t\t\t\t<div class=\"elementor-element elementor-element-c4e38a5 e-grid e-con-full wpr-particle-no wpr-jarallax-no wpr-parallax-no wpr-sticky-section-no e-con e-parent\" data-id=\"c4e38a5\" data-element_type=\"container\" data-e-type=\"container\" data-settings=\"{&quot;background_background&quot;:&quot;classic&quot;,&quot;shape_divider_bottom&quot;:&quot;waves&quot;,&quot;shape_divider_bottom_negative&quot;:&quot;yes&quot;}\">\n\t\t\t\t<div class=\"elementor-shape elementor-shape-bottom\" aria-hidden=\"true\" data-negative=\"true\">\n\t\t\t<svg xmlns=\"http:\/\/www.w3.org\/2000\/svg\" viewbox=\"0 0 1000 100\" preserveaspectratio=\"none\">\n\t<path class=\"elementor-shape-fill\" d=\"M790.5,93.1c-59.3-5.3-116.8-18-192.6-50c-29.6-12.7-76.9-31-100.5-35.9c-23.6-4.9-52.6-7.8-75.5-5.3\tc-10.2,1.1-22.6,1.4-50.1,7.4c-27.2,6.3-58.2,16.6-79.4,24.7c-41.3,15.9-94.9,21.9-134,22.6C72,58.2,0,25.8,0,25.8V100h1000V65.3\tc0,0-51.5,19.4-106.2,25.7C839.5,97,814.1,95.2,790.5,93.1z\"\/>\n<\/svg>\t\t<\/div>\n\t\t<div class=\"elementor-element elementor-element-86be5db e-grid e-con-boxed wpr-particle-no wpr-jarallax-no wpr-parallax-no wpr-sticky-section-no e-con e-child\" data-id=\"86be5db\" data-element_type=\"container\" data-e-type=\"container\" data-settings=\"{&quot;background_background&quot;:&quot;classic&quot;}\">\n\t\t\t\t\t<div class=\"e-con-inner\">\n\t\t<div class=\"elementor-element elementor-element-d508e92 e-flex e-con-boxed wpr-particle-no wpr-jarallax-no wpr-parallax-no wpr-sticky-section-no e-con e-child\" data-id=\"d508e92\" data-element_type=\"container\" data-e-type=\"container\" data-settings=\"{&quot;background_background&quot;:&quot;classic&quot;}\">\n\t\t\t\t\t<div class=\"e-con-inner\">\n\t\t\t\t<div class=\"elementor-element elementor-element-8bd8e1b elementor-widget elementor-widget-heading\" data-id=\"8bd8e1b\" data-element_type=\"widget\" data-e-type=\"widget\" data-widget_type=\"heading.default\">\n\t\t\t\t<div class=\"elementor-widget-container\">\n\t\t\t\t\t<h2 class=\"elementor-heading-title elementor-size-default\">GENERAL TERMS AND CONDITIONS\n<\/h2>\t\t\t\t<\/div>\n\t\t\t\t<\/div>\n\t\t\t\t\t<\/div>\n\t\t\t\t<\/div>\n\t\t\t\t\t<\/div>\n\t\t\t\t<\/div>\n\t\t\t\t<\/div>\n\t\t<div class=\"elementor-element elementor-element-f401b58 e-grid e-con-full wpr-particle-no wpr-jarallax-no wpr-parallax-no wpr-sticky-section-no e-con e-parent\" data-id=\"f401b58\" data-element_type=\"container\" data-e-type=\"container\" data-settings=\"{&quot;background_background&quot;:&quot;classic&quot;}\">\n\t\t<div class=\"elementor-element elementor-element-be54b1e e-grid e-con-boxed wpr-particle-no wpr-jarallax-no wpr-parallax-no wpr-sticky-section-no e-con e-child\" data-id=\"be54b1e\" data-element_type=\"container\" data-e-type=\"container\" data-settings=\"{&quot;background_background&quot;:&quot;classic&quot;}\">\n\t\t\t\t\t<div class=\"e-con-inner\">\n\t\t<div class=\"elementor-element elementor-element-f33f837 e-flex e-con-boxed wpr-particle-no wpr-jarallax-no wpr-parallax-no wpr-sticky-section-no e-con e-child\" data-id=\"f33f837\" data-element_type=\"container\" data-e-type=\"container\" data-settings=\"{&quot;background_background&quot;:&quot;classic&quot;}\">\n\t\t\t\t\t<div class=\"e-con-inner\">\n\t\t\t\t<div class=\"elementor-element elementor-element-ef3f434 elementor-widget elementor-widget-heading\" data-id=\"ef3f434\" data-element_type=\"widget\" data-e-type=\"widget\" data-widget_type=\"heading.default\">\n\t\t\t\t<div class=\"elementor-widget-container\">\n\t\t\t\t\t<h5 class=\"elementor-heading-title elementor-size-default\">\u2022\tYou may cancel your order within 24 hours.<br \/>\n\u2022\tFor deliveries within Switzerland, the price includes the costs of delivery.\n<br \/>\n\u2022\tFor deliveries outside of Switzerland, delivery costs are invoiced in addition to the price.\n<br \/>\n\u2022\tProducts are delivered with a best before date of at least 15 weeks.\n<br \/>\n\u2022\tMaya Popcorn commits to deliver all products with the accustomed high level of Maya premium quality.\n<br \/>\n\u2022\tOrdered goods cannot be returned.\n<br \/>\n\u2022\tMaya Popcorn assumes no liability for errors on labels created by you. You assume all costs incurred by such errors.\n<br \/>\n\u2022\tMaya Popcorn reserves the right to reject advertising tins with offensive text or inappropriate images.\n<br \/>\n\u2022\tThe delivery period is generally at least 4 weeks. Shorter delivery times may be possible after prior agreement with Maya Popcorn.\n<br \/>\n\u2022\tIn the case of pre-payments the 4-week delivery period starts once the money has arrived at Maya Popcorn.\n<\/h5>\t\t\t\t<\/div>\n\t\t\t\t<\/div>\n\t\t\t\t\t<\/div>\n\t\t\t\t<\/div>\n\t\t\t\t\t<\/div>\n\t\t\t\t<\/div>\n\t\t\t\t<\/div>\n\t\t\t\t<\/div>","protected":false},"excerpt":{"rendered":"<p>ALLGEMEINE GESCH\u00c4FTSBEDINGUNGEN \u2022 Sie k\u00f6nnen Ihre Bestellung innert 24 Stunden widerrufen. \u2022 Bei Lieferungen innerhalb der Schweiz sind die Lieferkosten im Preis inbegriffen. \u2022 Bei Lieferungen ausserhalb der Schweiz werden die Lieferkosten zus\u00e4tzlich in Rechnung gestellt. \u2022 Die Produkte werden mit einem Mindesthaltbarkeitsdatum von mindestens 15 Wochen ausgeliefert. \u2022 Maya Popcorn verpflichtet sich, alle Produkte mit der gewohnt hohen Maya-Premium-Qualit\u00e4t auszuliefern. \u2022 Bestellte Ware kann nicht retourniert werden. \u2022 F\u00fcr Fehler auf den von Ihnen kreierten Etiketten \u00fcbernimmt Maya Popcorn keine Haftung. Durch solche Fehler entstandene Kosten gehen zu Ihren Lasten. \u2022 Maya Popcorn beh\u00e4lt sich vor, Werbedosen mit anst\u00f6ssigem Text oder unpassenden Bildern abzulehnen. \u2022 Generell betr\u00e4gt die Lieferfrist mindestens 4 Wochen. K\u00fcrzere Lieferzeiten sind nach vorheriger Absprache mit Maya Popcorn eventuell m\u00f6glich. \u2022 Bei Vorauszahlung beginnt die 4-w\u00f6chige Lieferfrist, nachdem das Geld bei Maya Popcorn eingetroffen ist.<\/p>","protected":false},"author":10,"featured_media":0,"parent":0,"menu_order":0,"comment_status":"closed","ping_status":"closed","template":"elementor_header_footer","meta":{"footnotes":""},"categories":[],"tags":[],"class_list":["post-3612","page","type-page","status-publish","hentry"],"_links":{"self":[{"href":"https:\/\/maya-popcorn.ch\/en\/wp-json\/wp\/v2\/pages\/3612","targetHints":{"allow":["GET"]}}],"collection":[{"href":"https:\/\/maya-popcorn.ch\/en\/wp-json\/wp\/v2\/pages"}],"about":[{"href":"https:\/\/maya-popcorn.ch\/en\/wp-json\/wp\/v2\/types\/page"}],"author":[{"embeddable":true,"href":"https:\/\/maya-popcorn.ch\/en\/wp-json\/wp\/v2\/users\/10"}],"replies":[{"embeddable":true,"href":"https:\/\/maya-popcorn.ch\/en\/wp-json\/wp\/v2\/comments?post=3612"}],"version-history":[{"count":5,"href":"https:\/\/maya-popcorn.ch\/en\/wp-json\/wp\/v2\/pages\/3612\/revisions"}],"predecessor-version":[{"id":7674,"href":"https:\/\/maya-popcorn.ch\/en\/wp-json\/wp\/v2\/pages\/3612\/revisions\/7674"}],"wp:attachment":[{"href":"https:\/\/maya-popcorn.ch\/en\/wp-json\/wp\/v2\/media?parent=3612"}],"wp:term":[{"taxonomy":"category","embeddable":true,"href":"https:\/\/maya-popcorn.ch\/en\/wp-json\/wp\/v2\/categories?post=3612"},{"taxonomy":"post_tag","embeddable":true,"href":"https:\/\/maya-popcorn.ch\/en\/wp-json\/wp\/v2\/tags?post=3612"}],"curies":[{"name":"wp","href":"https:\/\/api.w.org\/{rel}","templated":true}]}}