{"id":6503,"date":"2024-04-30T12:18:33","date_gmt":"2024-04-30T12:18:33","guid":{"rendered":"https:\/\/sandbox.codespace.host\/?page_id=6503"},"modified":"2024-05-07T12:28:07","modified_gmt":"2024-05-07T12:28:07","slug":"herbs-layer-2","status":"publish","type":"page","link":"https:\/\/maya-popcorn.ch\/en\/herbs-layer-2\/","title":{"rendered":"Herbs layer 2"},"content":{"rendered":"<div data-elementor-type=\"wp-page\" data-elementor-id=\"6503\" class=\"elementor elementor-6503\" data-elementor-post-type=\"page\">\n\t\t\t\t<div class=\"elementor-element elementor-element-caf5393 e-grid e-con-full wpr-particle-no wpr-jarallax-no wpr-parallax-no wpr-sticky-section-no e-con e-parent\" data-id=\"caf5393\" data-element_type=\"container\" data-e-type=\"container\" data-settings=\"{&quot;background_background&quot;:&quot;classic&quot;,&quot;shape_divider_bottom&quot;:&quot;waves&quot;,&quot;shape_divider_bottom_negative&quot;:&quot;yes&quot;}\">\n\t\t\t\t<div class=\"elementor-shape elementor-shape-bottom\" aria-hidden=\"true\" data-negative=\"true\">\n\t\t\t<svg xmlns=\"http:\/\/www.w3.org\/2000\/svg\" viewbox=\"0 0 1000 100\" preserveaspectratio=\"none\">\n\t<path class=\"elementor-shape-fill\" d=\"M790.5,93.1c-59.3-5.3-116.8-18-192.6-50c-29.6-12.7-76.9-31-100.5-35.9c-23.6-4.9-52.6-7.8-75.5-5.3\tc-10.2,1.1-22.6,1.4-50.1,7.4c-27.2,6.3-58.2,16.6-79.4,24.7c-41.3,15.9-94.9,21.9-134,22.6C72,58.2,0,25.8,0,25.8V100h1000V65.3\tc0,0-51.5,19.4-106.2,25.7C839.5,97,814.1,95.2,790.5,93.1z\"\/>\n<\/svg>\t\t<\/div>\n\t\t<div class=\"elementor-element elementor-element-88af454 e-grid e-con-boxed wpr-particle-no wpr-jarallax-no wpr-parallax-no wpr-sticky-section-no e-con e-child\" data-id=\"88af454\" data-element_type=\"container\" data-e-type=\"container\" data-settings=\"{&quot;background_background&quot;:&quot;classic&quot;}\">\n\t\t\t\t\t<div class=\"e-con-inner\">\n\t\t<div class=\"elementor-element elementor-element-0eef7a9 e-flex e-con-boxed wpr-particle-no wpr-jarallax-no wpr-parallax-no wpr-sticky-section-no e-con e-child\" data-id=\"0eef7a9\" data-element_type=\"container\" data-e-type=\"container\" data-settings=\"{&quot;background_background&quot;:&quot;classic&quot;}\">\n\t\t\t\t\t<div class=\"e-con-inner\">\n\t\t\t\t<div class=\"elementor-element elementor-element-3187a56 elementor-widget elementor-widget-heading\" data-id=\"3187a56\" data-element_type=\"widget\" data-e-type=\"widget\" data-widget_type=\"heading.default\">\n\t\t\t\t<div class=\"elementor-widget-container\">\n\t\t\t\t\t<h2 class=\"elementor-heading-title elementor-size-default\">HERBS CLASSIC CONTAINER<\/h2>\t\t\t\t<\/div>\n\t\t\t\t<\/div>\n\t\t\t\t\t<\/div>\n\t\t\t\t<\/div>\n\t\t\t\t\t<\/div>\n\t\t\t\t<\/div>\n\t\t\t\t<\/div>\n\t\t<div class=\"elementor-element elementor-element-4f20e1a e-grid e-con-boxed wpr-particle-no wpr-jarallax-no wpr-parallax-no wpr-sticky-section-no e-con e-parent\" data-id=\"4f20e1a\" data-element_type=\"container\" data-e-type=\"container\">\n\t\t\t\t\t<div class=\"e-con-inner\">\n\t\t<div class=\"elementor-element elementor-element-31569fa e-flex e-con-boxed wpr-particle-no wpr-jarallax-no wpr-parallax-no wpr-sticky-section-no e-con e-child\" data-id=\"31569fa\" data-element_type=\"container\" data-e-type=\"container\" data-settings=\"{&quot;background_background&quot;:&quot;classic&quot;}\">\n\t\t\t\t\t<div class=\"e-con-inner\">\n\t\t\t\t<div class=\"elementor-element elementor-element-11b91ad elementor-widget elementor-widget-image\" data-id=\"11b91ad\" data-element_type=\"widget\" data-e-type=\"widget\" data-widget_type=\"image.default\">\n\t\t\t\t<div class=\"elementor-widget-container\">\n\t\t\t\t\t\t\t\t\t\t\t\t\t\t\t<img fetchpriority=\"high\" decoding=\"async\" width=\"800\" height=\"901\" src=\"https:\/\/maya-popcorn.ch\/wp-content\/uploads\/2024\/05\/Herbs_PNG.png\" class=\"elementor-animation-grow attachment-full size-full wp-image-6875\" alt=\"\" srcset=\"https:\/\/maya-popcorn.ch\/wp-content\/uploads\/2024\/05\/Herbs_PNG.png 800w, https:\/\/maya-popcorn.ch\/wp-content\/uploads\/2024\/05\/Herbs_PNG-266x300.png 266w, https:\/\/maya-popcorn.ch\/wp-content\/uploads\/2024\/05\/Herbs_PNG-768x865.png 768w, https:\/\/maya-popcorn.ch\/wp-content\/uploads\/2024\/05\/Herbs_PNG-11x12.png 11w\" sizes=\"(max-width: 800px) 100vw, 800px\" \/>\t\t\t\t\t\t\t\t\t\t\t\t\t\t\t<\/div>\n\t\t\t\t<\/div>\n\t\t\t\t\t<\/div>\n\t\t\t\t<\/div>\n\t\t<div class=\"elementor-element elementor-element-b56db92 e-flex e-con-boxed wpr-particle-no wpr-jarallax-no wpr-parallax-no wpr-sticky-section-no e-con e-child\" data-id=\"b56db92\" data-element_type=\"container\" data-e-type=\"container\" data-settings=\"{&quot;background_background&quot;:&quot;classic&quot;}\">\n\t\t\t\t\t<div class=\"e-con-inner\">\n\t\t\t\t<div class=\"elementor-element elementor-element-79d91db elementor-widget elementor-widget-heading\" data-id=\"79d91db\" data-element_type=\"widget\" data-e-type=\"widget\" data-widget_type=\"heading.default\">\n\t\t\t\t<div class=\"elementor-widget-container\">\n\t\t\t\t\t<h4 class=\"elementor-heading-title elementor-size-default\">Classic container \u2013 Fresh, pure pleasure<\/h4>\t\t\t\t<\/div>\n\t\t\t\t<\/div>\n\t\t\t\t<div class=\"elementor-element elementor-element-0e55657 elementor-widget-divider--view-line elementor-widget elementor-widget-divider\" data-id=\"0e55657\" data-element_type=\"widget\" data-e-type=\"widget\" data-widget_type=\"divider.default\">\n\t\t\t\t<div class=\"elementor-widget-container\">\n\t\t\t\t\t\t\t<div class=\"elementor-divider\">\n\t\t\t<span class=\"elementor-divider-separator\">\n\t\t\t\t\t\t<\/span>\n\t\t<\/div>\n\t\t\t\t\t\t<\/div>\n\t\t\t\t<\/div>\n\t\t\t\t<div class=\"elementor-element elementor-element-84d8bc8 elementor-widget elementor-widget-heading\" data-id=\"84d8bc8\" data-element_type=\"widget\" data-e-type=\"widget\" data-widget_type=\"heading.default\">\n\t\t\t\t<div class=\"elementor-widget-container\">\n\t\t\t\t\t<h5 class=\"elementor-heading-title elementor-size-default\">40g<\/h5>\t\t\t\t<\/div>\n\t\t\t\t<\/div>\n\t\t\t\t\t<\/div>\n\t\t\t\t<\/div>\n\t\t\t\t\t<\/div>\n\t\t\t\t<\/div>\n\t\t<div class=\"elementor-element elementor-element-cf03ad3 e-grid e-con-full wpr-particle-no wpr-jarallax-no wpr-parallax-no wpr-sticky-section-no e-con e-parent\" data-id=\"cf03ad3\" data-element_type=\"container\" data-e-type=\"container\" data-settings=\"{&quot;background_background&quot;:&quot;classic&quot;}\">\n\t\t<div class=\"elementor-element elementor-element-def19f8 e-grid e-con-boxed wpr-particle-no wpr-jarallax-no wpr-parallax-no wpr-sticky-section-no e-con e-child\" data-id=\"def19f8\" data-element_type=\"container\" data-e-type=\"container\" data-settings=\"{&quot;background_background&quot;:&quot;classic&quot;}\">\n\t\t\t\t\t<div class=\"e-con-inner\">\n\t\t<div class=\"elementor-element elementor-element-fb9cd1d e-flex e-con-boxed wpr-particle-no wpr-jarallax-no wpr-parallax-no wpr-sticky-section-no e-con e-child\" data-id=\"fb9cd1d\" data-element_type=\"container\" data-e-type=\"container\" data-settings=\"{&quot;background_background&quot;:&quot;classic&quot;}\">\n\t\t\t\t\t<div class=\"e-con-inner\">\n\t\t\t\t<div class=\"elementor-element elementor-element-b73d512 elementor-tabs-view-horizontal elementor-widget elementor-widget-tabs\" data-id=\"b73d512\" data-element_type=\"widget\" data-e-type=\"widget\" data-widget_type=\"tabs.default\">\n\t\t\t\t<div class=\"elementor-widget-container\">\n\t\t\t\t\t\t\t<div class=\"elementor-tabs\">\n\t\t\t<div class=\"elementor-tabs-wrapper\" role=\"tablist\" >\n\t\t\t\t\t\t\t\t\t<div id=\"elementor-tab-title-1921\" class=\"elementor-tab-title elementor-tab-desktop-title\" aria-selected=\"true\" data-tab=\"1\" role=\"tab\" tabindex=\"0\" aria-controls=\"elementor-tab-content-1921\" aria-expanded=\"false\">Ingredients<\/div>\n\t\t\t\t\t\t\t\t\t<div id=\"elementor-tab-title-1922\" class=\"elementor-tab-title elementor-tab-desktop-title\" aria-selected=\"false\" data-tab=\"2\" role=\"tab\" tabindex=\"-1\" aria-controls=\"elementor-tab-content-1922\" aria-expanded=\"false\">Nutritional information per 100g<\/div>\n\t\t\t\t\t\t\t\t\t<div id=\"elementor-tab-title-1923\" class=\"elementor-tab-title elementor-tab-desktop-title\" aria-selected=\"false\" data-tab=\"3\" role=\"tab\" tabindex=\"-1\" aria-controls=\"elementor-tab-content-1923\" aria-expanded=\"false\">Information<\/div>\n\t\t\t\t\t\t\t<\/div>\n\t\t\t<div class=\"elementor-tabs-content-wrapper\" role=\"tablist\" aria-orientation=\"vertical\">\n\t\t\t\t\t\t\t\t\t<div class=\"elementor-tab-title elementor-tab-mobile-title\" aria-selected=\"true\" data-tab=\"1\" role=\"tab\" tabindex=\"0\" aria-controls=\"elementor-tab-content-1921\" aria-expanded=\"false\">Ingredients<\/div>\n\t\t\t\t\t<div id=\"elementor-tab-content-1921\" class=\"elementor-tab-content elementor-clearfix\" data-tab=\"1\" role=\"tabpanel\" aria-labelledby=\"elementor-tab-title-1921\" tabindex=\"0\" hidden=\"false\"><ul><li>Corn 73%<\/li><li>Sunflower oil<\/li><li>Cooking salt<\/li><li>herb mixture* 1.5%<\/li><li>Paprika** 0.2%<\/li><\/ul><p>*from Swiss organic production\/**from foreign organic production.<\/p><\/div>\n\t\t\t\t\t\t\t\t\t<div class=\"elementor-tab-title elementor-tab-mobile-title\" aria-selected=\"false\" data-tab=\"2\" role=\"tab\" tabindex=\"-1\" aria-controls=\"elementor-tab-content-1922\" aria-expanded=\"false\">Nutritional information per 100g<\/div>\n\t\t\t\t\t<div id=\"elementor-tab-content-1922\" class=\"elementor-tab-content elementor-clearfix\" data-tab=\"2\" role=\"tabpanel\" aria-labelledby=\"elementor-tab-title-1922\" tabindex=\"0\" hidden=\"hidden\"><ul><li>Energy: 2\u2019036 kJ\/488 kcal<\/li><li>Fat: 26g<\/li><li>Of which are saturated fatty acids: 2.9g<\/li><li>Carbohydrates: 46g<\/li><li>amount of which is sugar: 1.0g<\/li><li>Dietary fibres: 11g<\/li><li>Protein: 12g<\/li><li>Salt: 2.8g<\/li><\/ul><\/div>\n\t\t\t\t\t\t\t\t\t<div class=\"elementor-tab-title elementor-tab-mobile-title\" aria-selected=\"false\" data-tab=\"3\" role=\"tab\" tabindex=\"-1\" aria-controls=\"elementor-tab-content-1923\" aria-expanded=\"false\">Information<\/div>\n\t\t\t\t\t<div id=\"elementor-tab-content-1923\" class=\"elementor-tab-content elementor-clearfix\" data-tab=\"3\" role=\"tabpanel\" aria-labelledby=\"elementor-tab-title-1923\" tabindex=\"0\" hidden=\"hidden\"><ul>\n \t<li>Vegan<\/li>\n \t<li>Gluten-free<\/li>\n \t<li>Store in a cool and dry place and protect from sunlight.<\/li>\n<\/ul><\/div>\n\t\t\t\t\t\t\t<\/div>\n\t\t<\/div>\n\t\t\t\t\t\t<\/div>\n\t\t\t\t<\/div>\n\t\t\t\t\t<\/div>\n\t\t\t\t<\/div>\n\t\t\t\t\t<\/div>\n\t\t\t\t<\/div>\n\t\t\t\t<\/div>\n\t\t<div class=\"elementor-element elementor-element-977b977 e-grid e-con-full wpr-particle-no wpr-jarallax-no wpr-parallax-no wpr-sticky-section-no e-con e-parent\" data-id=\"977b977\" data-element_type=\"container\" data-e-type=\"container\" data-settings=\"{&quot;background_background&quot;:&quot;classic&quot;}\">\n\t\t<div class=\"elementor-element elementor-element-0bdc8a0 e-grid e-con-boxed wpr-particle-no wpr-jarallax-no wpr-parallax-no wpr-sticky-section-no e-con e-child\" data-id=\"0bdc8a0\" data-element_type=\"container\" data-e-type=\"container\" data-settings=\"{&quot;background_background&quot;:&quot;classic&quot;}\">\n\t\t\t\t\t<div class=\"e-con-inner\">\n\t\t<div class=\"elementor-element elementor-element-3941434 e-flex e-con-boxed wpr-particle-no wpr-jarallax-no wpr-parallax-no wpr-sticky-section-no e-con e-child\" data-id=\"3941434\" data-element_type=\"container\" data-e-type=\"container\" data-settings=\"{&quot;background_background&quot;:&quot;classic&quot;}\">\n\t\t\t\t\t<div class=\"e-con-inner\">\n\t\t\t\t<div class=\"elementor-element elementor-element-d597bbc elementor-widget elementor-widget-heading\" data-id=\"d597bbc\" data-element_type=\"widget\" data-e-type=\"widget\" data-widget_type=\"heading.default\">\n\t\t\t\t<div class=\"elementor-widget-container\">\n\t\t\t\t\t<h3 class=\"elementor-heading-title elementor-size-default\">Additional products <\/h3>\t\t\t\t<\/div>\n\t\t\t\t<\/div>\n\t\t\t\t\t<\/div>\n\t\t\t\t<\/div>\n\t\t\t\t\t<\/div>\n\t\t\t\t<\/div>\n\t\t\t\t<\/div>\n\t\t<div class=\"elementor-element elementor-element-f1adad6 e-grid e-con-boxed wpr-particle-no wpr-jarallax-no wpr-parallax-no wpr-sticky-section-no e-con e-parent\" data-id=\"f1adad6\" data-element_type=\"container\" data-e-type=\"container\">\n\t\t\t\t\t<div class=\"e-con-inner\">\n\t\t<div class=\"elementor-element elementor-element-cf63995 e-flex e-con-boxed wpr-particle-no wpr-jarallax-no wpr-parallax-no wpr-sticky-section-no e-con e-child\" data-id=\"cf63995\" data-element_type=\"container\" data-e-type=\"container\" data-settings=\"{&quot;background_background&quot;:&quot;classic&quot;}\">\n\t\t\t\t\t<div class=\"e-con-inner\">\n\t\t\t\t<div class=\"elementor-element elementor-element-755d709 elementor-widget elementor-widget-image\" data-id=\"755d709\" data-element_type=\"widget\" data-e-type=\"widget\" data-widget_type=\"image.default\">\n\t\t\t\t<div class=\"elementor-widget-container\">\n\t\t\t\t\t\t\t\t\t\t\t\t\t\t\t\t<a href=\"https:\/\/maya-popcorn.ch\/en\/?page_id=359\">\n\t\t\t\t\t\t\t<img decoding=\"async\" width=\"1200\" height=\"1121\" src=\"https:\/\/maya-popcorn.ch\/wp-content\/uploads\/2024\/04\/Bucket-Choco.jpg\" class=\"elementor-animation-grow attachment-full size-full wp-image-6131\" alt=\"\" srcset=\"https:\/\/maya-popcorn.ch\/wp-content\/uploads\/2024\/04\/Bucket-Choco.jpg 1200w, https:\/\/maya-popcorn.ch\/wp-content\/uploads\/2024\/04\/Bucket-Choco-300x280.jpg 300w, https:\/\/maya-popcorn.ch\/wp-content\/uploads\/2024\/04\/Bucket-Choco-1024x957.jpg 1024w, https:\/\/maya-popcorn.ch\/wp-content\/uploads\/2024\/04\/Bucket-Choco-768x717.jpg 768w, https:\/\/maya-popcorn.ch\/wp-content\/uploads\/2024\/04\/Bucket-Choco-13x12.jpg 13w\" sizes=\"(max-width: 1200px) 100vw, 1200px\" \/>\t\t\t\t\t\t\t\t<\/a>\n\t\t\t\t\t\t\t\t\t\t\t\t\t\t\t<\/div>\n\t\t\t\t<\/div>\n\t\t\t\t<div class=\"elementor-element elementor-element-2996432 elementor-widget elementor-widget-heading\" data-id=\"2996432\" data-element_type=\"widget\" data-e-type=\"widget\" data-widget_type=\"heading.default\">\n\t\t\t\t<div class=\"elementor-widget-container\">\n\t\t\t\t\t<h4 class=\"elementor-heading-title elementor-size-default\"><a href=\"https:\/\/maya-popcorn.ch\/en\/?page_id=359\">Choco<\/a><\/h4>\t\t\t\t<\/div>\n\t\t\t\t<\/div>\n\t\t\t\t<div class=\"elementor-element elementor-element-7f080e4 elementor-widget elementor-widget-spacer\" data-id=\"7f080e4\" data-element_type=\"widget\" data-e-type=\"widget\" data-widget_type=\"spacer.default\">\n\t\t\t\t<div class=\"elementor-widget-container\">\n\t\t\t\t\t\t\t<div class=\"elementor-spacer\">\n\t\t\t<div class=\"elementor-spacer-inner\"><\/div>\n\t\t<\/div>\n\t\t\t\t\t\t<\/div>\n\t\t\t\t<\/div>\n\t\t\t\t\t<\/div>\n\t\t\t\t<\/div>\n\t\t<div class=\"elementor-element elementor-element-94df0f8 e-flex e-con-boxed wpr-particle-no wpr-jarallax-no wpr-parallax-no wpr-sticky-section-no e-con e-child\" data-id=\"94df0f8\" data-element_type=\"container\" data-e-type=\"container\" data-settings=\"{&quot;background_background&quot;:&quot;classic&quot;}\">\n\t\t\t\t\t<div class=\"e-con-inner\">\n\t\t\t\t<div class=\"elementor-element elementor-element-b222ecb elementor-widget elementor-widget-image\" data-id=\"b222ecb\" data-element_type=\"widget\" data-e-type=\"widget\" data-widget_type=\"image.default\">\n\t\t\t\t<div class=\"elementor-widget-container\">\n\t\t\t\t\t\t\t\t\t\t\t\t\t\t\t\t<a href=\"https:\/\/maya-popcorn.ch\/en\/?page_id=1148\">\n\t\t\t\t\t\t\t<img decoding=\"async\" width=\"1200\" height=\"1121\" src=\"https:\/\/maya-popcorn.ch\/wp-content\/uploads\/2024\/04\/Bucket-Strawberry.jpg\" class=\"elementor-animation-grow attachment-full size-full wp-image-6135\" alt=\"\" srcset=\"https:\/\/maya-popcorn.ch\/wp-content\/uploads\/2024\/04\/Bucket-Strawberry.jpg 1200w, https:\/\/maya-popcorn.ch\/wp-content\/uploads\/2024\/04\/Bucket-Strawberry-300x280.jpg 300w, https:\/\/maya-popcorn.ch\/wp-content\/uploads\/2024\/04\/Bucket-Strawberry-1024x957.jpg 1024w, https:\/\/maya-popcorn.ch\/wp-content\/uploads\/2024\/04\/Bucket-Strawberry-768x717.jpg 768w, https:\/\/maya-popcorn.ch\/wp-content\/uploads\/2024\/04\/Bucket-Strawberry-13x12.jpg 13w\" sizes=\"(max-width: 1200px) 100vw, 1200px\" \/>\t\t\t\t\t\t\t\t<\/a>\n\t\t\t\t\t\t\t\t\t\t\t\t\t\t\t<\/div>\n\t\t\t\t<\/div>\n\t\t\t\t<div class=\"elementor-element elementor-element-f90185b elementor-widget elementor-widget-heading\" data-id=\"f90185b\" data-element_type=\"widget\" data-e-type=\"widget\" data-widget_type=\"heading.default\">\n\t\t\t\t<div class=\"elementor-widget-container\">\n\t\t\t\t\t<h4 class=\"elementor-heading-title elementor-size-default\"><a href=\"https:\/\/maya-popcorn.ch\/en\/?page_id=1148\">Strawberry<\/a><\/h4>\t\t\t\t<\/div>\n\t\t\t\t<\/div>\n\t\t\t\t<div class=\"elementor-element elementor-element-8ddab98 elementor-widget elementor-widget-spacer\" data-id=\"8ddab98\" data-element_type=\"widget\" data-e-type=\"widget\" data-widget_type=\"spacer.default\">\n\t\t\t\t<div class=\"elementor-widget-container\">\n\t\t\t\t\t\t\t<div class=\"elementor-spacer\">\n\t\t\t<div class=\"elementor-spacer-inner\"><\/div>\n\t\t<\/div>\n\t\t\t\t\t\t<\/div>\n\t\t\t\t<\/div>\n\t\t\t\t\t<\/div>\n\t\t\t\t<\/div>\n\t\t<div class=\"elementor-element elementor-element-37da8e8 e-flex e-con-boxed wpr-particle-no wpr-jarallax-no wpr-parallax-no wpr-sticky-section-no e-con e-child\" data-id=\"37da8e8\" data-element_type=\"container\" data-e-type=\"container\" data-settings=\"{&quot;background_background&quot;:&quot;classic&quot;}\">\n\t\t\t\t\t<div class=\"e-con-inner\">\n\t\t\t\t<div class=\"elementor-element elementor-element-7d6f478 elementor-widget elementor-widget-image\" data-id=\"7d6f478\" data-element_type=\"widget\" data-e-type=\"widget\" data-widget_type=\"image.default\">\n\t\t\t\t<div class=\"elementor-widget-container\">\n\t\t\t\t\t\t\t\t\t\t\t\t\t\t\t\t<a href=\"https:\/\/maya-popcorn.ch\/en\/?page_id=3892\">\n\t\t\t\t\t\t\t<img loading=\"lazy\" decoding=\"async\" width=\"1200\" height=\"1121\" src=\"https:\/\/maya-popcorn.ch\/wp-content\/uploads\/2024\/04\/Bucket-Sweet.jpg\" class=\"elementor-animation-grow attachment-full size-full wp-image-6139\" alt=\"\" srcset=\"https:\/\/maya-popcorn.ch\/wp-content\/uploads\/2024\/04\/Bucket-Sweet.jpg 1200w, https:\/\/maya-popcorn.ch\/wp-content\/uploads\/2024\/04\/Bucket-Sweet-300x280.jpg 300w, https:\/\/maya-popcorn.ch\/wp-content\/uploads\/2024\/04\/Bucket-Sweet-1024x957.jpg 1024w, https:\/\/maya-popcorn.ch\/wp-content\/uploads\/2024\/04\/Bucket-Sweet-768x717.jpg 768w, https:\/\/maya-popcorn.ch\/wp-content\/uploads\/2024\/04\/Bucket-Sweet-13x12.jpg 13w\" sizes=\"(max-width: 1200px) 100vw, 1200px\" \/>\t\t\t\t\t\t\t\t<\/a>\n\t\t\t\t\t\t\t\t\t\t\t\t\t\t\t<\/div>\n\t\t\t\t<\/div>\n\t\t\t\t<div class=\"elementor-element elementor-element-03ffb29 elementor-widget elementor-widget-heading\" data-id=\"03ffb29\" data-element_type=\"widget\" data-e-type=\"widget\" data-widget_type=\"heading.default\">\n\t\t\t\t<div class=\"elementor-widget-container\">\n\t\t\t\t\t<h4 class=\"elementor-heading-title elementor-size-default\"><a href=\"https:\/\/maya-popcorn.ch\/en\/?page_id=3892\">Sweet<\/a><\/h4>\t\t\t\t<\/div>\n\t\t\t\t<\/div>\n\t\t\t\t<div class=\"elementor-element elementor-element-4c511a6 elementor-widget elementor-widget-spacer\" data-id=\"4c511a6\" data-element_type=\"widget\" data-e-type=\"widget\" data-widget_type=\"spacer.default\">\n\t\t\t\t<div class=\"elementor-widget-container\">\n\t\t\t\t\t\t\t<div class=\"elementor-spacer\">\n\t\t\t<div class=\"elementor-spacer-inner\"><\/div>\n\t\t<\/div>\n\t\t\t\t\t\t<\/div>\n\t\t\t\t<\/div>\n\t\t\t\t\t<\/div>\n\t\t\t\t<\/div>\n\t\t<div class=\"elementor-element elementor-element-6f976e4 e-flex e-con-boxed wpr-particle-no wpr-jarallax-no wpr-parallax-no wpr-sticky-section-no e-con e-child\" data-id=\"6f976e4\" data-element_type=\"container\" data-e-type=\"container\" data-settings=\"{&quot;background_background&quot;:&quot;classic&quot;}\">\n\t\t\t\t\t<div class=\"e-con-inner\">\n\t\t\t\t<div class=\"elementor-element elementor-element-8a15715 elementor-widget elementor-widget-image\" data-id=\"8a15715\" data-element_type=\"widget\" data-e-type=\"widget\" data-widget_type=\"image.default\">\n\t\t\t\t<div class=\"elementor-widget-container\">\n\t\t\t\t\t\t\t\t\t\t\t\t\t\t\t\t<a href=\"https:\/\/maya-popcorn.ch\/en\/?page_id=1038\">\n\t\t\t\t\t\t\t<img loading=\"lazy\" decoding=\"async\" width=\"1200\" height=\"1121\" src=\"https:\/\/maya-popcorn.ch\/wp-content\/uploads\/2024\/04\/Bucket-Caramel.jpg\" class=\"elementor-animation-grow attachment-full size-full wp-image-6140\" alt=\"\" srcset=\"https:\/\/maya-popcorn.ch\/wp-content\/uploads\/2024\/04\/Bucket-Caramel.jpg 1200w, https:\/\/maya-popcorn.ch\/wp-content\/uploads\/2024\/04\/Bucket-Caramel-300x280.jpg 300w, https:\/\/maya-popcorn.ch\/wp-content\/uploads\/2024\/04\/Bucket-Caramel-1024x957.jpg 1024w, https:\/\/maya-popcorn.ch\/wp-content\/uploads\/2024\/04\/Bucket-Caramel-768x717.jpg 768w, https:\/\/maya-popcorn.ch\/wp-content\/uploads\/2024\/04\/Bucket-Caramel-13x12.jpg 13w\" sizes=\"(max-width: 1200px) 100vw, 1200px\" \/>\t\t\t\t\t\t\t\t<\/a>\n\t\t\t\t\t\t\t\t\t\t\t\t\t\t\t<\/div>\n\t\t\t\t<\/div>\n\t\t\t\t<div class=\"elementor-element elementor-element-7319c4d elementor-widget elementor-widget-heading\" data-id=\"7319c4d\" data-element_type=\"widget\" data-e-type=\"widget\" data-widget_type=\"heading.default\">\n\t\t\t\t<div class=\"elementor-widget-container\">\n\t\t\t\t\t<h4 class=\"elementor-heading-title elementor-size-default\"><a href=\"https:\/\/maya-popcorn.ch\/en\/?page_id=1038\">Caramel<\/a><\/h4>\t\t\t\t<\/div>\n\t\t\t\t<\/div>\n\t\t\t\t<div class=\"elementor-element elementor-element-02f415f elementor-widget elementor-widget-spacer\" data-id=\"02f415f\" data-element_type=\"widget\" data-e-type=\"widget\" data-widget_type=\"spacer.default\">\n\t\t\t\t<div class=\"elementor-widget-container\">\n\t\t\t\t\t\t\t<div class=\"elementor-spacer\">\n\t\t\t<div class=\"elementor-spacer-inner\"><\/div>\n\t\t<\/div>\n\t\t\t\t\t\t<\/div>\n\t\t\t\t<\/div>\n\t\t\t\t\t<\/div>\n\t\t\t\t<\/div>\n\t\t<div class=\"elementor-element elementor-element-7989b61 e-flex e-con-boxed wpr-particle-no wpr-jarallax-no wpr-parallax-no wpr-sticky-section-no e-con e-child\" data-id=\"7989b61\" data-element_type=\"container\" data-e-type=\"container\" data-settings=\"{&quot;background_background&quot;:&quot;classic&quot;}\">\n\t\t\t\t\t<div class=\"e-con-inner\">\n\t\t\t\t<div class=\"elementor-element elementor-element-5979ba4 elementor-widget elementor-widget-image\" data-id=\"5979ba4\" data-element_type=\"widget\" data-e-type=\"widget\" data-widget_type=\"image.default\">\n\t\t\t\t<div class=\"elementor-widget-container\">\n\t\t\t\t\t\t\t\t\t\t\t\t\t\t\t\t<a href=\"https:\/\/maya-popcorn.ch\/en\/?page_id=1046\">\n\t\t\t\t\t\t\t<img loading=\"lazy\" decoding=\"async\" width=\"1200\" height=\"1121\" src=\"https:\/\/maya-popcorn.ch\/wp-content\/uploads\/2024\/04\/Bucket-Salt.jpg\" class=\"elementor-animation-grow attachment-full size-full wp-image-6144\" alt=\"\" srcset=\"https:\/\/maya-popcorn.ch\/wp-content\/uploads\/2024\/04\/Bucket-Salt.jpg 1200w, https:\/\/maya-popcorn.ch\/wp-content\/uploads\/2024\/04\/Bucket-Salt-300x280.jpg 300w, https:\/\/maya-popcorn.ch\/wp-content\/uploads\/2024\/04\/Bucket-Salt-1024x957.jpg 1024w, https:\/\/maya-popcorn.ch\/wp-content\/uploads\/2024\/04\/Bucket-Salt-768x717.jpg 768w, https:\/\/maya-popcorn.ch\/wp-content\/uploads\/2024\/04\/Bucket-Salt-13x12.jpg 13w\" sizes=\"(max-width: 1200px) 100vw, 1200px\" \/>\t\t\t\t\t\t\t\t<\/a>\n\t\t\t\t\t\t\t\t\t\t\t\t\t\t\t<\/div>\n\t\t\t\t<\/div>\n\t\t\t\t<div class=\"elementor-element elementor-element-2c11de1 elementor-widget elementor-widget-heading\" data-id=\"2c11de1\" data-element_type=\"widget\" data-e-type=\"widget\" data-widget_type=\"heading.default\">\n\t\t\t\t<div class=\"elementor-widget-container\">\n\t\t\t\t\t<h4 class=\"elementor-heading-title elementor-size-default\"><a href=\"https:\/\/maya-popcorn.ch\/en\/?page_id=1046\">Salt<\/a><\/h4>\t\t\t\t<\/div>\n\t\t\t\t<\/div>\n\t\t\t\t<div class=\"elementor-element elementor-element-a9fafbb elementor-widget elementor-widget-spacer\" data-id=\"a9fafbb\" data-element_type=\"widget\" data-e-type=\"widget\" data-widget_type=\"spacer.default\">\n\t\t\t\t<div class=\"elementor-widget-container\">\n\t\t\t\t\t\t\t<div class=\"elementor-spacer\">\n\t\t\t<div class=\"elementor-spacer-inner\"><\/div>\n\t\t<\/div>\n\t\t\t\t\t\t<\/div>\n\t\t\t\t<\/div>\n\t\t\t\t\t<\/div>\n\t\t\t\t<\/div>\n\t\t\t\t\t<\/div>\n\t\t\t\t<\/div>\n\t\t\t\t<\/div>","protected":false},"excerpt":{"rendered":"<p>HERBS KLASSISCHE DOSE Klassische Dose \u2013 Frischer, purer Genuss 40g Zutaten N\u00e4hrwertangaben pro 100g Informationen Zutaten Mais 73% Sonnenblumen\u00f6l Kochsalz Kr\u00e4utermischung* 1.5% Paprika** 0.2% *aus Schweizer Bio-Produktion\/**aus ausl\u00e4ndischer Bio-Produktion. N\u00e4hrwertangaben pro 100g Energie: 2\u2019036 kJ\/488 kcal Fett: 26g davon ges\u00e4ttigte Fetts\u00e4uren: 2.9g Kohlenhydrate: 46g davon Zucker: 1.0g Ballaststoffe: 11g Eiweiss: 12g Salz: 2.8g Informationen Vegan Glutenfrei K\u00fchl und trocken lagern, vor Sonnenlicht sch\u00fctzen. Weitere Produkte Choco Strawberry Sweet Caramel Salt<\/p>","protected":false},"author":1,"featured_media":0,"parent":0,"menu_order":0,"comment_status":"closed","ping_status":"closed","template":"","meta":{"footnotes":""},"categories":[],"tags":[],"class_list":["post-6503","page","type-page","status-publish","hentry"],"_links":{"self":[{"href":"https:\/\/maya-popcorn.ch\/en\/wp-json\/wp\/v2\/pages\/6503","targetHints":{"allow":["GET"]}}],"collection":[{"href":"https:\/\/maya-popcorn.ch\/en\/wp-json\/wp\/v2\/pages"}],"about":[{"href":"https:\/\/maya-popcorn.ch\/en\/wp-json\/wp\/v2\/types\/page"}],"author":[{"embeddable":true,"href":"https:\/\/maya-popcorn.ch\/en\/wp-json\/wp\/v2\/users\/1"}],"replies":[{"embeddable":true,"href":"https:\/\/maya-popcorn.ch\/en\/wp-json\/wp\/v2\/comments?post=6503"}],"version-history":[{"count":5,"href":"https:\/\/maya-popcorn.ch\/en\/wp-json\/wp\/v2\/pages\/6503\/revisions"}],"predecessor-version":[{"id":7095,"href":"https:\/\/maya-popcorn.ch\/en\/wp-json\/wp\/v2\/pages\/6503\/revisions\/7095"}],"wp:attachment":[{"href":"https:\/\/maya-popcorn.ch\/en\/wp-json\/wp\/v2\/media?parent=6503"}],"wp:term":[{"taxonomy":"category","embeddable":true,"href":"https:\/\/maya-popcorn.ch\/en\/wp-json\/wp\/v2\/categories?post=6503"},{"taxonomy":"post_tag","embeddable":true,"href":"https:\/\/maya-popcorn.ch\/en\/wp-json\/wp\/v2\/tags?post=6503"}],"curies":[{"name":"wp","href":"https:\/\/api.w.org\/{rel}","templated":true}]}}