{"id":8850,"date":"2026-05-06T07:29:26","date_gmt":"2026-05-06T07:29:26","guid":{"rendered":"https:\/\/maya-popcorn.ch\/?page_id=8850"},"modified":"2026-05-06T08:31:04","modified_gmt":"2026-05-06T08:31:04","slug":"teilnahmebedingungen","status":"publish","type":"page","link":"https:\/\/maya-popcorn.ch\/en\/teilnahmebedingungen\/","title":{"rendered":""},"content":{"rendered":"<div data-elementor-type=\"wp-page\" data-elementor-id=\"8850\" class=\"elementor elementor-8850\" data-elementor-post-type=\"page\">\n\t\t\t\t<div class=\"elementor-element elementor-element-3a6dc51d e-flex e-con-boxed wpr-particle-no wpr-jarallax-no wpr-parallax-no wpr-sticky-section-no wpr-column-slider-no wpr-equal-height-no e-con e-parent\" data-id=\"3a6dc51d\" data-element_type=\"container\" data-e-type=\"container\">\n\t\t\t\t\t<div class=\"e-con-inner\">\n\t\t\t\t<div class=\"elementor-element elementor-element-5ebbb1b0 elementor-widget__width-initial elementor-widget elementor-widget-text-editor\" data-id=\"5ebbb1b0\" data-element_type=\"widget\" data-e-type=\"widget\" data-widget_type=\"text-editor.default\">\n\t\t\t\t<div class=\"elementor-widget-container\">\n\t\t\t\t\t\t\t\t\t<p><strong>TERMS AND CONDITIONS OF PARTICIPATION IN MAYA POPCORN'S INSTAGRAM SWEEPSTAKES<\/strong><\/p>\n<p>\u00a0<\/p>\n<p><strong>1. General<\/strong><\/p>\n<p><!-- \/wp:paragraph --><!-- wp:paragraph --><\/p>\n<p>The sweepstakes is organized by Egli AG Import und Vertrieb, Im Langhag 11, 8307 Effretikon (hereinafter referred to as the \"Organizer\") via the Maya Popcorn wall on the Instagram page (instagram.com\/maya.popcorn). The users, hereinafter referred to as \"Participants\", accept these Terms and Conditions by participating in the Sweepstakes.<\/p>\n<p><!-- \/wp:paragraph --><!-- wp:paragraph --><\/p>\n<p><strong>2. About the sweepstakes<\/strong><\/p>\n<p><!-- \/wp:paragraph --><!-- wp:paragraph --><\/p>\n<p>The general data protection provisions of Instagram apply. Any further data processing by the organizer, with the exception of the use of the participant data in question to process the sweepstakes, does not take place. Participation in the sweepstakes takes place via the Maya Popcorn Instagram page (contest post). The further dissemination of the content, such as by sharing the content via one's own chronicle using Instagram functions, is not a prerequisite for participation in the sweepstakes and does not increase the chances of winning. To enter the Sweepstakes, the following steps must be completed, as indicated in the post:<\/p>\n<p><!-- \/wp:paragraph --><!-- wp:list --><\/p>\n<ul class=\"wp-block-list\">\n<li style=\"list-style-type: none;\">\n<ul class=\"wp-block-list\"><!-- wp:list-item --><\/ul>\n<\/li>\n<\/ul>\n<ul class=\"wp-block-list\">\n<li style=\"list-style-type: none;\">\n<ul class=\"wp-block-list\">\n<li>Interact on a contest post using the \"Instagram Reactions\" AND\/OR<\/li>\n<\/ul>\n<\/li>\n<\/ul>\n<p><!-- \/wp:list-item --><!-- wp:list-item --><\/p>\n<ul class=\"wp-block-list\">\n<li style=\"list-style-type: none;\">\n<ul class=\"wp-block-list\">\n<li>\"Like\" a contest post AND\/OR<\/li>\n<\/ul>\n<\/li>\n<\/ul>\n<p><!-- \/wp:list-item --><!-- wp:list-item --><\/p>\n<ul class=\"wp-block-list\">\n<li style=\"list-style-type: none;\">\n<ul class=\"wp-block-list\">\n<li>\"Comment\" on contest post with the answer to the question stated in the post AND\/OR<\/li>\n<\/ul>\n<\/li>\n<\/ul>\n<p><!-- \/wp:list-item --><!-- wp:list-item --><\/p>\n<ul class=\"wp-block-list\">\n<li style=\"list-style-type: none;\">\n<ul class=\"wp-block-list\">\n<li>Post a photo that matches the prompt<\/li>\n<\/ul>\n<\/li>\n<\/ul>\n<p><!-- \/wp:list-item --><\/p>\n<p><!-- \/wp:list --><!-- wp:paragraph --><\/p>\n<p><strong>3. Participation<\/strong><\/p>\n<p><!-- \/wp:paragraph --><!-- wp:paragraph --><\/p>\n<p>All natural persons residing in Switzerland who have reached the age of 16 at the time of entry are eligible to enter. The sweepstakes begins and ends as stated in the post on the wall of the Maya Popcorn Instagram page.<\/p>\n<p><!-- \/wp:paragraph --><!-- wp:paragraph --><\/p>\n<p><strong>4. Prizes<\/strong><\/p>\n<p><!-- \/wp:paragraph --><!-- wp:paragraph --><\/p>\n<p>If possible, the prizes will be sent to a postal address in Switzerland or must be picked up at Egli AG in Effretikon. The prizes for the raffles will be communicated via the pinboard and correspond to the description in the respective post. The images of the prizes in the post may differ in color and model from the final prize received. Winners will be selected at random. In the case of posted contests that require a certain amount of creativity, a jury may also be called upon to determine the winner. No correspondence will be entered into about the competition. The participants are responsible for the content in the comment fields.<\/p>\n<p><!-- \/wp:paragraph --><!-- wp:paragraph --><\/p>\n<p><strong>5. Contacting the winners<\/strong><\/p>\n<p><!-- \/wp:paragraph --><!-- wp:paragraph --><\/p>\n<p>The winners will be mentioned by name in a post and asked to contact the organizer using the message function. If the winner does not contact the organizer via Instagram message within the period of 7 days, a new winner will be evaluated.<\/p>\n<p><!-- \/wp:paragraph --><!-- wp:paragraph --><\/p>\n<p><strong>6. Exclusion of participation<\/strong><\/p>\n<p><!-- \/wp:paragraph --><!-- wp:paragraph --><\/p>\n<p>All persons involved in the conception and implementation of the campaign and all employees of the organizer are excluded from participation. Sweepstakes clubs as well as automated sweepstakes services are also not eligible to participate. The organizer is entitled to exclude individual persons from participation without notification and justification, or to delete entries if there are justified reasons, such as suspicion of violation of the conditions of participation or attempted manipulation, etc.. In addition, the organizer reserves the right to take legal action.<\/p>\n<p><!-- \/wp:paragraph --><!-- wp:paragraph --><\/p>\n<p><strong>7. No connection to Instagram<\/strong><\/p>\n<p><!-- \/wp:paragraph --><!-- wp:paragraph --><\/p>\n<p>This sweepstake is in no way sponsored, endorsed or organized by Instagram. It also has no other connection to Instagram. Instagram is not responsible for any of the content posted as part of this promotion. The recipient of the information provided by the participant is not Instagram, but the organizer. The organizer respectively each participant indemnifies Instagram from any claims of third parties in connection with this sweepstakes. Any questions, comments, or complaints regarding the Sweepstakes should not be directed to Instagram, but to the Promoter at info@egli-import.ch.<\/p>\n<p><!-- \/wp:paragraph --><!-- wp:paragraph --><\/p>\n<p><strong>8. Right to cancel\/modify the Campaign<\/strong><\/p>\n<p><!-- \/wp:paragraph --><!-- wp:paragraph --><\/p>\n<p>The Promoter may adjust the Campaign at any time and reserves the right to cancel the Sweepstakes for cause. Cancellation for good cause may occur, in particular if proper execution of the sweepstakes can no longer be guaranteed for technical or legal reasons. Legal recourse is excluded. The place of jurisdiction is Effretikon. Swiss law shall apply.<\/p>\n<p>\u00a0<\/p>\n<p><!-- \/wp:paragraph --><!-- wp:paragraph --><\/p>\n<p>Effretikon, 12.02.2024<\/p>\n<p><!-- \/wp:paragraph --><!-- wp:paragraph --><\/p>\n<p><!-- \/wp:paragraph --><\/p>\t\t\t\t\t\t\t\t<\/div>\n\t\t\t\t<\/div>\n\t\t\t\t\t<\/div>\n\t\t\t\t<\/div>\n\t\t\t\t<\/div>","protected":false},"excerpt":{"rendered":"<p>TEILNAHMEBEDINGUNG DER INSTAGRAM-GEWINNSPIELE VON MAYA POPCORN \u00a0 1. Allgemein: Das Gewinnspiel wird von der Egli AG Import und Vertrieb, Im Langhag 11, 8307 Effretikon (nachfolgend \u201eVeranstalter&#187; genannt) \u00fcber die Maya Popcorn-Pinnwand der Instagramseite (instagram.com\/maya.popcorn) veranstaltet. Die Benutzer, nachfolgend \u201eTeilnehmer&#187; genannt, akzeptieren mit der Teilnahme am Gewinnspiel die vorliegenden Teilnahmebedingungen. 2. \u00dcber das Gewinnspiel: Es gelten die allgemeinen Datenschutzbestimmungen von Instagram. Eine dar\u00fcber hinaus gehende Datenverarbeitung durch den Veranstalter, mit Ausnahme der Nutzung der fraglichen Teilnehmerdaten zur Abwicklung des Gewinnspieles, findet nicht statt. Die Teilnahme an dem Gewinnspiel erfolgt \u00fcber die Maya Popcorn-Instagramseite (Wettbewerbs-Post). Die Weiterverbreitung der Inhalte, wie z.B. durch das Teilen der Inhalte \u00fcber die eigene Chronik mittels Instagram-Funktionen, ist keine Voraussetzung zur Teilnahme am Gewinnspiel und erh\u00f6ht die Chancen auf den Gewinn nicht. Zur Teilnahme am Gewinnspiel m\u00fcssen folgende Schritte ausgef\u00fchrt werden, gem\u00e4ss den Angaben im Post: auf einen Wettbewerbsbeitrag mit den \u201eInstagram Reactions\u201c interagieren UND\/ODER Wettbewerbsbeitrag \u201eLiken&#187; UND\/ODER Wettbewerbsbeitrag mit der Antwort zur im Post genannten Frage \u201eKommentieren&#187; UND\/ODER ein zur Aufforderung passendes Foto posten 3. Teilnahme: Teilnahmeberechtigt sind alle in der Schweiz wohnhaften nat\u00fcrlichen Personen, die zum Zeitpunkt der Teilnahme das 16. Lebensjahr vollendet haben. Das Gewinnspiel beginnt und endet gem\u00e4ss den Angaben im Post \u00fcber die Pinnwand der Maya Popcorn-Instagramseite. 4. Gewinne: Die Preise werden nach M\u00f6glichkeit an eine Postadresse in der Schweiz versendet oder m\u00fcssen bei der Egli AG in Effretikon abgeholt werden. Die Preise f\u00fcr die Verlosungen werden \u00fcber die Pinnwand kommuniziert und entsprechen der Beschreibung im jeweiligen Post. Die Abbildungen der Gewinne im Post k\u00f6nnen in Farbe und Modell von dem final erhaltenen Gewinn abweichen. Die Gewinner werden per Zufallsprinzip ermittelt. Bei gestellten Wettbewerben, die nach einer gewissen Kreativit\u00e4t verlangen, kann auch eine Jury zur Ermittlung des Gewinners beigezogen werden. \u00dcber das Gewinnspiel wird keine Korrespondenz gef\u00fchrt. F\u00fcr Inhalte in den Kommentar-Feldern sind die Teilnehmer verantwortlich. 5. Kontaktaufnahme zu den Gewinnern: Die Gewinner werden namentlich in einem Post erw\u00e4hnt und darin aufgefordert, sich mittels der Nachrichten-Funktion beim Veranstalter zu melden. Meldet sich der Gewinner nicht innert der Frist von 7 Tagen beim Veranstalter per Instagram-Nachricht, wird ein neuer Gewinner evaluiert. 6. Ausschluss der Teilnahme: Alle an der Konzeption und Umsetzung der Kampagne beteiligten Personen und s\u00e4mtliche Angestellte des Veranstalters sind von der Teilnahme ausgeschlossen. Gewinnspielvereine sowie automatisierte Gewinnspiel-Dienste sind ebenfalls nicht teilnahmeberechtigt. Der Veranstalter ist berechtigt, einzelne Personen von der Teilnahme ohne Mitteilung und Begr\u00fcndung auszuschliessen, resp. Beitr\u00e4ge zu l\u00f6schen, sofern berechtigte Gr\u00fcnde, wie z. B. der Verdacht des Verstosses gegen die Teilnahmebedingungen oder der versuchten Manipulation etc. vorliegen. Zudem beh\u00e4lt sich der Veranstalter vor, rechtliche Schritte einzuleiten. 7. Keine Verbindung zu Instagram: Dieses Gewinnspiel wird in keiner Weise von Instagram gesponsert, unterst\u00fctzt oder organisiert. Es steht auch sonst in keiner Verbindung zu Instagram. F\u00fcr keinen der im Rahmen dieser Aktion ver\u00f6ffentlichten Inhalte ist Instagram verantwortlich. Der Empf\u00e4nger der vom Teilnehmer bereitgestellten Informationen ist nicht Instagram, sondern der Veranstalter. Der Veranstalter resp. jeder Teilnehmer stellt Instagram von jeglichen Anspr\u00fcchen Dritter im Zusammenhang mit diesem Gewinnspiel frei. Alle Fragen, Kommentare oder Beschwerden zum Gewinnspiel sind nicht an Instagram zu richten, sondern an den Veranstalter unter info@egli-import.ch. 8. Recht zum Abbruch\/\u00c4nderung der Kampagne: Der Veranstalter kann die Kampagne jederzeit anpassen und beh\u00e4lt sich das Recht vor, das Gewinnspiel aus wichtigen Gr\u00fcnden abzubrechen. Ein Abbruch aus wichtigem Grund kann insbesondere dann erfolgen, wenn eine ordnungsgem\u00e4sse Durchf\u00fchrung des Gewinnspiels aus technischen oder rechtlichen Gr\u00fcnden nicht mehr gew\u00e4hrleistet werden kann. Der Rechtsweg ist ausgeschlossen. Gerichtsstand ist Effretikon. Es gilt das Schweizer Recht. \u00a0 Effretikon, 12.02.2024<\/p>","protected":false},"author":6,"featured_media":0,"parent":0,"menu_order":0,"comment_status":"closed","ping_status":"closed","template":"elementor_header_footer","meta":{"footnotes":""},"categories":[],"tags":[],"class_list":["post-8850","page","type-page","status-publish","hentry"],"_links":{"self":[{"href":"https:\/\/maya-popcorn.ch\/en\/wp-json\/wp\/v2\/pages\/8850","targetHints":{"allow":["GET"]}}],"collection":[{"href":"https:\/\/maya-popcorn.ch\/en\/wp-json\/wp\/v2\/pages"}],"about":[{"href":"https:\/\/maya-popcorn.ch\/en\/wp-json\/wp\/v2\/types\/page"}],"author":[{"embeddable":true,"href":"https:\/\/maya-popcorn.ch\/en\/wp-json\/wp\/v2\/users\/6"}],"replies":[{"embeddable":true,"href":"https:\/\/maya-popcorn.ch\/en\/wp-json\/wp\/v2\/comments?post=8850"}],"version-history":[{"count":16,"href":"https:\/\/maya-popcorn.ch\/en\/wp-json\/wp\/v2\/pages\/8850\/revisions"}],"predecessor-version":[{"id":8876,"href":"https:\/\/maya-popcorn.ch\/en\/wp-json\/wp\/v2\/pages\/8850\/revisions\/8876"}],"wp:attachment":[{"href":"https:\/\/maya-popcorn.ch\/en\/wp-json\/wp\/v2\/media?parent=8850"}],"wp:term":[{"taxonomy":"category","embeddable":true,"href":"https:\/\/maya-popcorn.ch\/en\/wp-json\/wp\/v2\/categories?post=8850"},{"taxonomy":"post_tag","embeddable":true,"href":"https:\/\/maya-popcorn.ch\/en\/wp-json\/wp\/v2\/tags?post=8850"}],"curies":[{"name":"wp","href":"https:\/\/api.w.org\/{rel}","templated":true}]}}