{"id":986,"date":"2024-03-07T12:12:23","date_gmt":"2024-03-07T12:12:23","guid":{"rendered":"https:\/\/sandbox.codespace.host\/?page_id=986"},"modified":"2026-02-10T09:17:08","modified_gmt":"2026-02-10T09:17:08","slug":"julietta-duebendorfer","status":"publish","type":"page","link":"https:\/\/maya-popcorn.ch\/en\/julietta-duebendorfer\/","title":{"rendered":"JULIETTA D\u00dcBENDORFER"},"content":{"rendered":"<div data-elementor-type=\"wp-post\" data-elementor-id=\"986\" class=\"elementor elementor-986\" data-elementor-post-type=\"page\">\n\t\t\t\t<div class=\"elementor-element elementor-element-a4e8fb7 e-grid e-con-full wpr-particle-no wpr-jarallax-no wpr-parallax-no wpr-sticky-section-no e-con e-parent\" data-id=\"a4e8fb7\" data-element_type=\"container\" data-e-type=\"container\" data-settings=\"{&quot;background_background&quot;:&quot;classic&quot;,&quot;shape_divider_bottom&quot;:&quot;waves&quot;,&quot;shape_divider_bottom_negative&quot;:&quot;yes&quot;}\">\n\t\t\t\t<div class=\"elementor-shape elementor-shape-bottom\" aria-hidden=\"true\" data-negative=\"true\">\n\t\t\t<svg xmlns=\"http:\/\/www.w3.org\/2000\/svg\" viewbox=\"0 0 1000 100\" preserveaspectratio=\"none\">\n\t<path class=\"elementor-shape-fill\" d=\"M790.5,93.1c-59.3-5.3-116.8-18-192.6-50c-29.6-12.7-76.9-31-100.5-35.9c-23.6-4.9-52.6-7.8-75.5-5.3\tc-10.2,1.1-22.6,1.4-50.1,7.4c-27.2,6.3-58.2,16.6-79.4,24.7c-41.3,15.9-94.9,21.9-134,22.6C72,58.2,0,25.8,0,25.8V100h1000V65.3\tc0,0-51.5,19.4-106.2,25.7C839.5,97,814.1,95.2,790.5,93.1z\"\/>\n<\/svg>\t\t<\/div>\n\t\t<div class=\"elementor-element elementor-element-a7f679f e-grid e-con-boxed wpr-particle-no wpr-jarallax-no wpr-parallax-no wpr-sticky-section-no e-con e-child\" data-id=\"a7f679f\" data-element_type=\"container\" data-e-type=\"container\" data-settings=\"{&quot;background_background&quot;:&quot;classic&quot;}\">\n\t\t\t\t\t<div class=\"e-con-inner\">\n\t\t<div class=\"elementor-element elementor-element-09ef4a0 e-flex e-con-boxed wpr-particle-no wpr-jarallax-no wpr-parallax-no wpr-sticky-section-no e-con e-child\" data-id=\"09ef4a0\" data-element_type=\"container\" data-e-type=\"container\" data-settings=\"{&quot;background_background&quot;:&quot;classic&quot;}\">\n\t\t\t\t\t<div class=\"e-con-inner\">\n\t\t\t\t<div class=\"elementor-element elementor-element-6282a8c elementor-widget elementor-widget-heading\" data-id=\"6282a8c\" data-element_type=\"widget\" data-e-type=\"widget\" data-widget_type=\"heading.default\">\n\t\t\t\t<div class=\"elementor-widget-container\">\n\t\t\t\t\t<h2 class=\"elementor-heading-title elementor-size-default\">JULIETTA D\u00dcBENDORFER<\/h2>\t\t\t\t<\/div>\n\t\t\t\t<\/div>\n\t\t\t\t\t<\/div>\n\t\t\t\t<\/div>\n\t\t\t\t\t<\/div>\n\t\t\t\t<\/div>\n\t\t\t\t<\/div>\n\t\t<div class=\"elementor-element elementor-element-51d8306 e-grid e-con-boxed wpr-particle-no wpr-jarallax-no wpr-parallax-no wpr-sticky-section-no e-con e-parent\" data-id=\"51d8306\" data-element_type=\"container\" data-e-type=\"container\">\n\t\t\t\t\t<div class=\"e-con-inner\">\n\t\t<div class=\"elementor-element elementor-element-0510090 e-flex e-con-boxed wpr-particle-no wpr-jarallax-no wpr-parallax-no wpr-sticky-section-no e-con e-child\" data-id=\"0510090\" data-element_type=\"container\" data-e-type=\"container\" data-settings=\"{&quot;background_background&quot;:&quot;classic&quot;}\">\n\t\t\t\t\t<div class=\"e-con-inner\">\n\t\t\t\t<div class=\"elementor-element elementor-element-4c3bacb elementor-widget elementor-widget-image\" data-id=\"4c3bacb\" data-element_type=\"widget\" data-e-type=\"widget\" data-widget_type=\"image.default\">\n\t\t\t\t<div class=\"elementor-widget-container\">\n\t\t\t\t\t\t\t\t\t\t\t\t\t\t\t<img fetchpriority=\"high\" decoding=\"async\" width=\"1700\" height=\"1131\" src=\"https:\/\/maya-popcorn.ch\/wp-content\/uploads\/2024\/05\/2_Julietta-Duebendorfer_Champions_Julietta-Seite.jpg\" class=\"attachment-full size-full wp-image-6867\" alt=\"\" srcset=\"https:\/\/maya-popcorn.ch\/wp-content\/uploads\/2024\/05\/2_Julietta-Duebendorfer_Champions_Julietta-Seite.jpg 1700w, https:\/\/maya-popcorn.ch\/wp-content\/uploads\/2024\/05\/2_Julietta-Duebendorfer_Champions_Julietta-Seite-300x200.jpg 300w, https:\/\/maya-popcorn.ch\/wp-content\/uploads\/2024\/05\/2_Julietta-Duebendorfer_Champions_Julietta-Seite-1024x681.jpg 1024w, https:\/\/maya-popcorn.ch\/wp-content\/uploads\/2024\/05\/2_Julietta-Duebendorfer_Champions_Julietta-Seite-768x511.jpg 768w, https:\/\/maya-popcorn.ch\/wp-content\/uploads\/2024\/05\/2_Julietta-Duebendorfer_Champions_Julietta-Seite-1536x1022.jpg 1536w, https:\/\/maya-popcorn.ch\/wp-content\/uploads\/2024\/05\/2_Julietta-Duebendorfer_Champions_Julietta-Seite-18x12.jpg 18w\" sizes=\"(max-width: 1700px) 100vw, 1700px\" \/>\t\t\t\t\t\t\t\t\t\t\t\t\t\t\t<\/div>\n\t\t\t\t<\/div>\n\t\t\t\t<div class=\"elementor-element elementor-element-beb4feb elementor-widget elementor-widget-spacer\" data-id=\"beb4feb\" data-element_type=\"widget\" data-e-type=\"widget\" data-widget_type=\"spacer.default\">\n\t\t\t\t<div class=\"elementor-widget-container\">\n\t\t\t\t\t\t\t<div class=\"elementor-spacer\">\n\t\t\t<div class=\"elementor-spacer-inner\"><\/div>\n\t\t<\/div>\n\t\t\t\t\t\t<\/div>\n\t\t\t\t<\/div>\n\t\t\t\t<div class=\"elementor-element elementor-element-d2568d1 elementor-widget elementor-widget-heading\" data-id=\"d2568d1\" data-element_type=\"widget\" data-e-type=\"widget\" data-widget_type=\"heading.default\">\n\t\t\t\t<div class=\"elementor-widget-container\">\n\t\t\t\t\t<h4 class=\"elementor-heading-title elementor-size-default\">Julietta D\u00fcbendorfer<\/h4>\t\t\t\t<\/div>\n\t\t\t\t<\/div>\n\t\t\t\t<div class=\"elementor-element elementor-element-c3bc782 elementor-widget elementor-widget-heading\" data-id=\"c3bc782\" data-element_type=\"widget\" data-e-type=\"widget\" data-widget_type=\"heading.default\">\n\t\t\t\t<div class=\"elementor-widget-container\">\n\t\t\t\t\t<h5 class=\"elementor-heading-title elementor-size-default\">Achieving the Olympic dream via badminton<\/h5>\t\t\t\t<\/div>\n\t\t\t\t<\/div>\n\t\t\t\t<div class=\"elementor-element elementor-element-96d983c elementor-widget elementor-widget-spacer\" data-id=\"96d983c\" data-element_type=\"widget\" data-e-type=\"widget\" data-widget_type=\"spacer.default\">\n\t\t\t\t<div class=\"elementor-widget-container\">\n\t\t\t\t\t\t\t<div class=\"elementor-spacer\">\n\t\t\t<div class=\"elementor-spacer-inner\"><\/div>\n\t\t<\/div>\n\t\t\t\t\t\t<\/div>\n\t\t\t\t<\/div>\n\t\t\t\t<div class=\"elementor-element elementor-element-f88b3dd elementor-widget elementor-widget-heading\" data-id=\"f88b3dd\" data-element_type=\"widget\" data-e-type=\"widget\" data-widget_type=\"heading.default\">\n\t\t\t\t<div class=\"elementor-widget-container\">\n\t\t\t\t\t<h5 class=\"elementor-heading-title elementor-size-default\">Julietta D\u00fcbendorfer is a young, determined badminton player and a passionate athlete.\nShe is known for her technical finesse, stamina and determination. Julietta has big goals in\nher sights, such as the Swiss Junior Championship title and then afterwards participation\nin the Olympic Games. She will continue to tell us about her future successes and inspiring\nstories.<\/h5>\t\t\t\t<\/div>\n\t\t\t\t<\/div>\n\t\t\t\t<div class=\"elementor-element elementor-element-d5b7b36 elementor-widget-divider--view-line elementor-widget elementor-widget-divider\" data-id=\"d5b7b36\" data-element_type=\"widget\" data-e-type=\"widget\" data-widget_type=\"divider.default\">\n\t\t\t\t<div class=\"elementor-widget-container\">\n\t\t\t\t\t\t\t<div class=\"elementor-divider\">\n\t\t\t<span class=\"elementor-divider-separator\">\n\t\t\t\t\t\t<\/span>\n\t\t<\/div>\n\t\t\t\t\t\t<\/div>\n\t\t\t\t<\/div>\n\t\t\t\t<div class=\"elementor-element elementor-element-d8f62dd elementor-widget elementor-widget-spacer\" data-id=\"d8f62dd\" data-element_type=\"widget\" data-e-type=\"widget\" data-widget_type=\"spacer.default\">\n\t\t\t\t<div class=\"elementor-widget-container\">\n\t\t\t\t\t\t\t<div class=\"elementor-spacer\">\n\t\t\t<div class=\"elementor-spacer-inner\"><\/div>\n\t\t<\/div>\n\t\t\t\t\t\t<\/div>\n\t\t\t\t<\/div>\n\t\t<div class=\"elementor-element elementor-element-05eacd7 e-flex e-con-boxed wpr-particle-no wpr-jarallax-no wpr-parallax-no wpr-sticky-section-no e-con e-child\" data-id=\"05eacd7\" data-element_type=\"container\" data-e-type=\"container\">\n\t\t\t\t\t<div class=\"e-con-inner\">\n\t\t\t\t<div class=\"elementor-element elementor-element-57ce11d elementor-widget elementor-widget-ucaddon_responsive_testemonial_carousel\" data-id=\"57ce11d\" data-element_type=\"widget\" data-e-type=\"widget\" data-widget_type=\"ucaddon_responsive_testemonial_carousel.default\">\n\t\t\t\t<div class=\"elementor-widget-container\">\n\t\t\t\t\t\n<!-- start Testimonial Carousel -->\n\t\t<link id='font-awesome-css' href='https:\/\/maya-popcorn.ch\/wp-content\/plugins\/unlimited-elements-for-elementor-premium\/assets_libraries\/font-awesome6\/fontawesome-all.min.css' type='text\/css' rel='stylesheet' >\n\t\t<link id='font-awesome-4-shim-css' href='https:\/\/maya-popcorn.ch\/wp-content\/plugins\/unlimited-elements-for-elementor-premium\/assets_libraries\/font-awesome6\/fontawesome-v4-shims.min.css' type='text\/css' rel='stylesheet' >\n\t\t<link id='owl-carousel-css' href='https:\/\/maya-popcorn.ch\/wp-content\/plugins\/unlimited-elements-for-elementor-premium\/assets_libraries\/owl-carousel-new\/assets\/owl.carousel.css' type='text\/css' rel='stylesheet' >\n\n<style>\/* widget: Testimonial Carousel *\/\n\n\/* general styles *\/\n.uc_quote_slider{\n  min-height:1px;\n}\n\n#uc_responsive_testemonial_carousel_elementor_57ce11d *{\n  box-sizing:border-box;\n}\n\n#uc_responsive_testemonial_carousel_elementor_57ce11d .uc_quote_info .uc_author_avatar {\n  width: 100%;\n}\n\n#uc_responsive_testemonial_carousel_elementor_57ce11d .uc_quote_info .uc_author {\n  display: inline-flex;\n  align-items: center; \n    text-align:center;\n  }\n\n#uc_responsive_testemonial_carousel_elementor_57ce11d .uc_stars{\n  display:flex;\n}\n\n#uc_responsive_testemonial_carousel_elementor_57ce11d .uc_quote_info{\n  display:flex;\n}\n\n#uc_responsive_testemonial_carousel_elementor_57ce11d *{\n  outline:none;\n}\n\n#uc_responsive_testemonial_carousel_elementor_57ce11d .ue-image{\n  flex-grow:0;\n  flex-shrink:0;\n}\n\n#uc_responsive_testemonial_carousel_elementor_57ce11d .uc_quote_info .uc_author_info .uc_company {\n    color: ;\n}\n\n#uc_responsive_testemonial_carousel_elementor_57ce11d .ue-image-spacing{\n  flex-grow:0;\n  flex-shrink:0;\n}\n\n#uc_responsive_testemonial_carousel_elementor_57ce11d .ue-icon{\n  display:inline-flex;\n  justify-content:center;\n  align-items:center;\n}\n\n#uc_responsive_testemonial_carousel_elementor_57ce11d .ue-icon svg{\n  width:1em;\n  height:1em;\n}\n\n#uc_responsive_testemonial_carousel_elementor_57ce11d .uc_quote_item,\n#uc_responsive_testemonial_carousel_elementor_57ce11d .ue-flip-item-content{\n  transition: all .3s;\n}\n\n\/* end general styles *\/\n\n\/* carousel type owl *\/\n  #uc_responsive_testemonial_carousel_elementor_57ce11d .owl-dots {\n    overflow:hidden;\n  }\n\n  #uc_responsive_testemonial_carousel_elementor_57ce11d .owl-dot {\n    border-radius:50%;\n    display:inline-block;\n  }\n\n  #uc_responsive_testemonial_carousel_elementor_57ce11d .owl-nav .owl-prev,\n  #uc_responsive_testemonial_carousel_elementor_57ce11d .owl-nav .owl-next{\n      position:absolute;\n      display:inline-block;\n      text-align:center;\n  }\n\n  \n  \n\n\/* end carousel type owl *\/\n\n\/* carosuel type grid *\/\n.team_member_grid{\n  position:relative;\n  display:grid;\n}\n\n.team_member_grid .ue_grid_item{\n  position:relative;\n  display:flex;\n  flex-direction:column;\n}\n\/* end carousel type grid *\/\n\n<\/style>\n\n<div class=\"uc_quote_slider\" style=\"direction:ltr\" >  \n  <!-- carousel type owl -->\n  \t<div class=\"uc_carousel owl-carousel owl-theme uc-items-wrapper\" id=\"uc_responsive_testemonial_carousel_elementor_57ce11d\"  >\n          \t\t<div class=\"uc_quote_item ue-item     elementor-repeater-item-7c820c6\">\n\t\t\t<div class=\"uc_quote_info\">\n                \n\t\t\t\t<div class=\"uc_author\">\n                  \t                    <div class=\"ue-image\">\n\t\t\t\t\t   <img decoding=\"async\" class=\"uc_author_avatar\" src=\"https:\/\/maya-popcorn.ch\/wp-content\/uploads\/2024\/04\/0_003.png\" height=\"48\" width=\"48\" alt=\"\" \/>\n                    <\/div>\n                    <div class=\"ue-image-spacing\"><\/div>\n                                      \n\t\t\t\t\t<div class=\"uc_author_info\">\n\t\t\t\t\t\t<div class=\"ue_title\">Julietta <\/div>\t\t\t\t\t\t                        \n\t\t\t\t\t<\/div>\n\t\t\t\t<\/div>\n                <!-- end of credentials -->\n              \n                <div class=\"ue-text\"><p>The Maya Popcorn product range is so diverse and unique!<\/p><\/div>              \n              \t\t\t\t\t              \n              \n              \n                            \n\t\t\t<\/div>\n        <\/div>\n  <!-- end of block item -->\n\t<div class=\"uc_quote_item ue-item     elementor-repeater-item-a84b57e\">\n\t\t\t<div class=\"uc_quote_info\">\n                \n\t\t\t\t<div class=\"uc_author\">\n                  \t                    <div class=\"ue-image\">\n\t\t\t\t\t   <img decoding=\"async\" class=\"uc_author_avatar\" src=\"https:\/\/maya-popcorn.ch\/wp-content\/uploads\/2024\/04\/0_003.png\" height=\"48\" width=\"48\" alt=\"\" \/>\n                    <\/div>\n                    <div class=\"ue-image-spacing\"><\/div>\n                                      \n\t\t\t\t\t<div class=\"uc_author_info\">\n\t\t\t\t\t\t<div class=\"ue_title\">Julietta <\/div>\t\t\t\t\t\t                        \n\t\t\t\t\t<\/div>\n\t\t\t\t<\/div>\n                <!-- end of credentials -->\n              \n                <div class=\"ue-text\"><p>In addition to badminton, I love nature and the mountains.<\/p><\/div>              \n              \t\t\t\t\t              \n              \n              \n                            \n\t\t\t<\/div>\n        <\/div>\n  <!-- end of block item -->\n\t<div class=\"uc_quote_item ue-item     elementor-repeater-item-552d110\">\n\t\t\t<div class=\"uc_quote_info\">\n                \n\t\t\t\t<div class=\"uc_author\">\n                  \t                    <div class=\"ue-image\">\n\t\t\t\t\t   <img decoding=\"async\" class=\"uc_author_avatar\" src=\"https:\/\/maya-popcorn.ch\/wp-content\/uploads\/2024\/04\/0_003.png\" height=\"48\" width=\"48\" alt=\"\" \/>\n                    <\/div>\n                    <div class=\"ue-image-spacing\"><\/div>\n                                      \n\t\t\t\t\t<div class=\"uc_author_info\">\n\t\t\t\t\t\t<div class=\"ue_title\">Julietta <\/div>\t\t\t\t\t\t                        \n\t\t\t\t\t<\/div>\n\t\t\t\t<\/div>\n                <!-- end of credentials -->\n              \n                <div class=\"ue-text\"><p>The Swiss flag is always with me when I travel.<\/p><\/div>              \n              \t\t\t\t\t              \n              \n              \n                            \n\t\t\t<\/div>\n        <\/div>\n  <!-- end of block item -->\n\t<div class=\"uc_quote_item ue-item     elementor-repeater-item-73c5beb\">\n\t\t\t<div class=\"uc_quote_info\">\n                \n\t\t\t\t<div class=\"uc_author\">\n                  \t                    <div class=\"ue-image\">\n\t\t\t\t\t   <img decoding=\"async\" class=\"uc_author_avatar\" src=\"https:\/\/maya-popcorn.ch\/wp-content\/uploads\/2024\/04\/0_003.png\" height=\"48\" width=\"48\" alt=\"\" \/>\n                    <\/div>\n                    <div class=\"ue-image-spacing\"><\/div>\n                                      \n\t\t\t\t\t<div class=\"uc_author_info\">\n\t\t\t\t\t\t<div class=\"ue_title\">Julietta <\/div>\t\t\t\t\t\t                        \n\t\t\t\t\t<\/div>\n\t\t\t\t<\/div>\n                <!-- end of credentials -->\n              \n                <div class=\"ue-text\"><p>Like Salt with popcorn, I want to be number one in my sport.<\/p><\/div>              \n              \t\t\t\t\t              \n              \n              \n                            \n\t\t\t<\/div>\n        <\/div>\n  <!-- end of block item -->\n\n    <\/div>\t\t\n    <!-- end carousel type owl -->\n\n  <!-- carousel type marquee -->\n    <!-- end carousel type marquee -->\n\n  <!-- carousel type coverflow -->\n    <!-- end carousel type coverflow -->\n\n  <!-- carousel type swipe -->\n    <!-- end carousel type swipe -->\n\n  <!-- carousel type grid -->\n    <!-- end carousel type grid -->\n\n<\/div>\n<!-- end Testimonial Carousel -->\t\t\t\t<\/div>\n\t\t\t\t<\/div>\n\t\t\t\t<div class=\"elementor-element elementor-element-c93315e elementor-widget-divider--view-line elementor-widget elementor-widget-divider\" data-id=\"c93315e\" data-element_type=\"widget\" data-e-type=\"widget\" data-widget_type=\"divider.default\">\n\t\t\t\t<div class=\"elementor-widget-container\">\n\t\t\t\t\t\t\t<div class=\"elementor-divider\">\n\t\t\t<span class=\"elementor-divider-separator\">\n\t\t\t\t\t\t<\/span>\n\t\t<\/div>\n\t\t\t\t\t\t<\/div>\n\t\t\t\t<\/div>\n\t\t\t\t<div class=\"elementor-element elementor-element-76393d1 elementor-widget elementor-widget-heading\" data-id=\"76393d1\" data-element_type=\"widget\" data-e-type=\"widget\" data-widget_type=\"heading.default\">\n\t\t\t\t<div class=\"elementor-widget-container\">\n\t\t\t\t\t<h4 class=\"elementor-heading-title elementor-size-default\">Julietta's favourite product\n<\/h4>\t\t\t\t<\/div>\n\t\t\t\t<\/div>\n\t\t\t\t\t<\/div>\n\t\t\t\t<\/div>\n\t\t<div class=\"elementor-element elementor-element-95ba925 e-grid e-con-boxed wpr-particle-no wpr-jarallax-no wpr-parallax-no wpr-sticky-section-no e-con e-child\" data-id=\"95ba925\" data-element_type=\"container\" data-e-type=\"container\">\n\t\t\t\t\t<div class=\"e-con-inner\">\n\t\t<div class=\"elementor-element elementor-element-c47fdaf e-flex e-con-boxed wpr-particle-no wpr-jarallax-no wpr-parallax-no wpr-sticky-section-no e-con e-child\" data-id=\"c47fdaf\" data-element_type=\"container\" data-e-type=\"container\" data-settings=\"{&quot;background_background&quot;:&quot;classic&quot;}\">\n\t\t\t\t\t<div class=\"e-con-inner\">\n\t\t\t\t<div class=\"elementor-element elementor-element-a330f50 elementor-widget elementor-widget-image\" data-id=\"a330f50\" data-element_type=\"widget\" data-e-type=\"widget\" data-widget_type=\"image.default\">\n\t\t\t\t<div class=\"elementor-widget-container\">\n\t\t\t\t\t\t\t\t\t\t\t\t\t\t\t\t<a href=\"https:\/\/maya-popcorn.ch\/en\/salt\/\">\n\t\t\t\t\t\t\t<img decoding=\"async\" width=\"1500\" height=\"1500\" src=\"https:\/\/maya-popcorn.ch\/wp-content\/uploads\/2024\/04\/Bucket-Salt.png\" class=\"elementor-animation-grow attachment-full size-full wp-image-5108\" alt=\"\" srcset=\"https:\/\/maya-popcorn.ch\/wp-content\/uploads\/2024\/04\/Bucket-Salt.png 1500w, https:\/\/maya-popcorn.ch\/wp-content\/uploads\/2024\/04\/Bucket-Salt-300x300.png 300w, https:\/\/maya-popcorn.ch\/wp-content\/uploads\/2024\/04\/Bucket-Salt-1024x1024.png 1024w, https:\/\/maya-popcorn.ch\/wp-content\/uploads\/2024\/04\/Bucket-Salt-150x150.png 150w, https:\/\/maya-popcorn.ch\/wp-content\/uploads\/2024\/04\/Bucket-Salt-768x768.png 768w, https:\/\/maya-popcorn.ch\/wp-content\/uploads\/2024\/04\/Bucket-Salt-12x12.png 12w\" sizes=\"(max-width: 1500px) 100vw, 1500px\" \/>\t\t\t\t\t\t\t\t<\/a>\n\t\t\t\t\t\t\t\t\t\t\t\t\t\t\t<\/div>\n\t\t\t\t<\/div>\n\t\t\t\t<div class=\"elementor-element elementor-element-56d88e6 elementor-widget elementor-widget-heading\" data-id=\"56d88e6\" data-element_type=\"widget\" data-e-type=\"widget\" data-widget_type=\"heading.default\">\n\t\t\t\t<div class=\"elementor-widget-container\">\n\t\t\t\t\t<h4 class=\"elementor-heading-title elementor-size-default\"><a href=\"https:\/\/maya-popcorn.ch\/en\/salt\/\">Salt<\/a><\/h4>\t\t\t\t<\/div>\n\t\t\t\t<\/div>\n\t\t\t\t\t<\/div>\n\t\t\t\t<\/div>\n\t\t\t\t\t<\/div>\n\t\t\t\t<\/div>\n\t\t\t\t\t<\/div>\n\t\t\t\t<\/div>\n\t\t\t\t\t<\/div>\n\t\t\t\t<\/div>\n\t\t\t\t<\/div>","protected":false},"excerpt":{"rendered":"<p>JULIETTA D\u00dcBENDORFER Julietta D\u00fcbendorfer Mit Badminton zum olympischen Traum Julietta D\u00fcbendorfer ist eine junge, zielstrebige Badminton-Spielerin und Sportlerin aus Leidenschaft. Sie ist bekannt f\u00fcr ihre technische Finesse, ihre Ausdauer und Entschlossenheit. Julietta hat grosse Ziele vor Augen, so zum Beispiel den Schweizer Meistertitel bei den Juniorinnen und sp\u00e4ter dann die Teilnahme an den Olympischen Spielen. Ihre zuk\u00fcnftigen Erfolge und inspirierenden Geschichten werden auch weiterhin von ihr h\u00f6ren lassen. Julietta Das Sortiment von Maya Popcorn ist so vielf\u00e4ltig und einzigartig! Julietta Neben Badminton liebe ich die Natur und die Berge. Julietta Die Schweizer-Fahne ist bei meinen Reisen immer mit dabei. Julietta Wie Salt beim Popcorn m\u00f6chte ich die Nummer 1 in meinem Sport werden. Juliettas Lieblingsprodukt Salt<\/p>","protected":false},"author":10,"featured_media":0,"parent":0,"menu_order":0,"comment_status":"closed","ping_status":"closed","template":"elementor_header_footer","meta":{"footnotes":""},"categories":[7,10],"tags":[],"class_list":["post-986","page","type-page","status-publish","hentry","category-final","category-unsere-champions"],"_links":{"self":[{"href":"https:\/\/maya-popcorn.ch\/en\/wp-json\/wp\/v2\/pages\/986","targetHints":{"allow":["GET"]}}],"collection":[{"href":"https:\/\/maya-popcorn.ch\/en\/wp-json\/wp\/v2\/pages"}],"about":[{"href":"https:\/\/maya-popcorn.ch\/en\/wp-json\/wp\/v2\/types\/page"}],"author":[{"embeddable":true,"href":"https:\/\/maya-popcorn.ch\/en\/wp-json\/wp\/v2\/users\/10"}],"replies":[{"embeddable":true,"href":"https:\/\/maya-popcorn.ch\/en\/wp-json\/wp\/v2\/comments?post=986"}],"version-history":[{"count":8,"href":"https:\/\/maya-popcorn.ch\/en\/wp-json\/wp\/v2\/pages\/986\/revisions"}],"predecessor-version":[{"id":8647,"href":"https:\/\/maya-popcorn.ch\/en\/wp-json\/wp\/v2\/pages\/986\/revisions\/8647"}],"wp:attachment":[{"href":"https:\/\/maya-popcorn.ch\/en\/wp-json\/wp\/v2\/media?parent=986"}],"wp:term":[{"taxonomy":"category","embeddable":true,"href":"https:\/\/maya-popcorn.ch\/en\/wp-json\/wp\/v2\/categories?post=986"},{"taxonomy":"post_tag","embeddable":true,"href":"https:\/\/maya-popcorn.ch\/en\/wp-json\/wp\/v2\/tags?post=986"}],"curies":[{"name":"wp","href":"https:\/\/api.w.org\/{rel}","templated":true}]}}