{"id":5687,"date":"2024-04-23T13:40:15","date_gmt":"2024-04-23T13:40:15","guid":{"rendered":"https:\/\/sandbox.codespace.host\/?page_id=5687"},"modified":"2025-09-02T07:58:43","modified_gmt":"2025-09-02T07:58:43","slug":"deine-maya-dose","status":"publish","type":"page","link":"https:\/\/maya-popcorn.ch\/fr\/deine-maya-dose\/","title":{"rendered":"Ta bo\u00eete Maya"},"content":{"rendered":"<div data-elementor-type=\"wp-page\" data-elementor-id=\"5687\" class=\"elementor elementor-5687\" data-elementor-post-type=\"page\">\n\t\t\t\t<div class=\"elementor-element elementor-element-2241ed7 e-grid e-con-full wpr-particle-no wpr-jarallax-no wpr-parallax-no wpr-sticky-section-no e-con e-parent\" data-id=\"2241ed7\" data-element_type=\"container\" data-e-type=\"container\" data-settings=\"{&quot;background_background&quot;:&quot;classic&quot;,&quot;shape_divider_bottom_negative&quot;:&quot;yes&quot;,&quot;shape_divider_bottom&quot;:&quot;waves&quot;}\">\n\t\t\t\t<div class=\"elementor-shape elementor-shape-bottom\" aria-hidden=\"true\" data-negative=\"true\">\n\t\t\t<svg xmlns=\"http:\/\/www.w3.org\/2000\/svg\" viewbox=\"0 0 1000 100\" preserveaspectratio=\"none\">\n\t<path class=\"elementor-shape-fill\" d=\"M790.5,93.1c-59.3-5.3-116.8-18-192.6-50c-29.6-12.7-76.9-31-100.5-35.9c-23.6-4.9-52.6-7.8-75.5-5.3\tc-10.2,1.1-22.6,1.4-50.1,7.4c-27.2,6.3-58.2,16.6-79.4,24.7c-41.3,15.9-94.9,21.9-134,22.6C72,58.2,0,25.8,0,25.8V100h1000V65.3\tc0,0-51.5,19.4-106.2,25.7C839.5,97,814.1,95.2,790.5,93.1z\"\/>\n<\/svg>\t\t<\/div>\n\t\t<div class=\"elementor-element elementor-element-581e92e e-grid e-con-boxed wpr-particle-no wpr-jarallax-no wpr-parallax-no wpr-sticky-section-no e-con e-child\" data-id=\"581e92e\" data-element_type=\"container\" data-e-type=\"container\" data-settings=\"{&quot;background_background&quot;:&quot;classic&quot;}\">\n\t\t\t\t\t<div class=\"e-con-inner\">\n\t\t<div class=\"elementor-element elementor-element-73cbec1 e-flex e-con-boxed wpr-particle-no wpr-jarallax-no wpr-parallax-no wpr-sticky-section-no e-con e-child\" data-id=\"73cbec1\" data-element_type=\"container\" data-e-type=\"container\" data-settings=\"{&quot;background_background&quot;:&quot;classic&quot;}\">\n\t\t\t\t\t<div class=\"e-con-inner\">\n\t\t\t\t<div class=\"elementor-element elementor-element-0570b85 elementor-widget elementor-widget-heading\" data-id=\"0570b85\" data-element_type=\"widget\" data-e-type=\"widget\" data-widget_type=\"heading.default\">\n\t\t\t\t<div class=\"elementor-widget-container\">\n\t\t\t\t\t<h2 class=\"elementor-heading-title elementor-size-default\">TA BO\u00ceTE MAYA<\/h2>\t\t\t\t<\/div>\n\t\t\t\t<\/div>\n\t\t\t\t\t<\/div>\n\t\t\t\t<\/div>\n\t\t\t\t\t<\/div>\n\t\t\t\t<\/div>\n\t\t\t\t<\/div>\n\t\t<div class=\"elementor-element elementor-element-16387aa8 e-grid e-con-full text-container wpr-particle-no wpr-jarallax-no wpr-parallax-no wpr-sticky-section-no e-con e-parent\" data-id=\"16387aa8\" data-element_type=\"container\" data-e-type=\"container\" data-settings=\"{&quot;background_background&quot;:&quot;classic&quot;}\">\n\t\t<div class=\"elementor-element elementor-element-3ab9d122 e-grid e-con-boxed wpr-particle-no wpr-jarallax-no wpr-parallax-no wpr-sticky-section-no e-con e-child\" data-id=\"3ab9d122\" data-element_type=\"container\" data-e-type=\"container\" data-settings=\"{&quot;background_background&quot;:&quot;classic&quot;}\">\n\t\t\t\t\t<div class=\"e-con-inner\">\n\t\t<div class=\"elementor-element elementor-element-7129097b e-flex e-con-boxed wpr-particle-no wpr-jarallax-no wpr-parallax-no wpr-sticky-section-no e-con e-child\" data-id=\"7129097b\" data-element_type=\"container\" data-e-type=\"container\" data-settings=\"{&quot;background_background&quot;:&quot;classic&quot;}\">\n\t\t\t\t\t<div class=\"e-con-inner\">\n\t\t\t\t<div class=\"elementor-element elementor-element-54af4cac elementor-widget elementor-widget-heading\" data-id=\"54af4cac\" data-element_type=\"widget\" data-e-type=\"widget\" data-widget_type=\"heading.default\">\n\t\t\t\t<div class=\"elementor-widget-container\">\n\t\t\t\t\t<h3 class=\"elementor-heading-title elementor-size-default\">Maya Popcorn et sa bo\u00eete personnalis\u00e9e \u00e0 ton go\u00fbt<\/h3>\t\t\t\t<\/div>\n\t\t\t\t<\/div>\n\t\t\t\t<div class=\"elementor-element elementor-element-1cd4936f elementor-widget elementor-widget-text-editor\" data-id=\"1cd4936f\" data-element_type=\"widget\" data-e-type=\"widget\" data-widget_type=\"text-editor.default\">\n\t\t\t\t<div class=\"elementor-widget-container\">\n\t\t\t\t\t\t\t\t\t<p>Tu es \u00e0 la recherche d\u2019un cadeau unique au go\u00fbt d\u00e9licieux pour tes amis, clients ou\ncollaborateurs et tu souhaites leur adresser un message personnel ? Alors, nous avons ce qu\u2019il te faut !<\/p><p class=\"translation-block\">Avec Maya Popcorn, tu peux personnaliser ta propre bo\u00eete de popcorn \u2013 c\u2019est id\u00e9al pour les cadeaux publicitaires, les \u00e9v\u00e9nements associatifs, les anniversaires et autres occasions festives.<\/p><p>Dans un premier temps, tu personnalises l\u2019\u00e9tiquette selon tes id\u00e9es, par ex. avec une photo, le logo de ton association ou un message personnel. Ensuite, pour le contenu, tu choisis une ou plusieurs de nos d\u00e9licieuses saveurs \u2013 c\u2019est aussi simple que cela !<\/p><p>Notre meilleur popcorn associ\u00e9 \u00e0 ta cr\u00e9ation originale \u2013 pour un popcorn encore plus savoureux !<\/p><p>Alors n\u2019h\u00e9site pas \u00e0 laisser libre cours \u00e0 tes id\u00e9es et \u00e0 ta cr\u00e9ativit\u00e9 !<\/p>\t\t\t\t\t\t\t\t<\/div>\n\t\t\t\t<\/div>\n\t\t\t\t<div class=\"elementor-element elementor-element-25ac894 elementor-align-center elementor-widget elementor-widget-button\" data-id=\"25ac894\" data-element_type=\"widget\" data-e-type=\"widget\" data-widget_type=\"button.default\">\n\t\t\t\t<div class=\"elementor-widget-container\">\n\t\t\t\t\t\t\t\t\t<div class=\"elementor-button-wrapper\">\n\t\t\t\t\t<a class=\"elementor-button elementor-button-link elementor-size-sm\" href=\"https:\/\/maya-popcorn.ch\/fr\/?page_id=6204\">\n\t\t\t\t\t\t<span class=\"elementor-button-content-wrapper\">\n\t\t\t\t\t\t<span class=\"elementor-button-icon\">\n\t\t\t\t<svg aria-hidden=\"true\" class=\"e-font-icon-svg e-fas-plus\" viewbox=\"0 0 448 512\" xmlns=\"http:\/\/www.w3.org\/2000\/svg\"><path d=\"M416 208H272V64c0-17.67-14.33-32-32-32h-32c-17.67 0-32 14.33-32 32v144H32c-17.67 0-32 14.33-32 32v32c0 17.67 14.33 32 32 32h144v144c0 17.67 14.33 32 32 32h32c17.67 0 32-14.33 32-32V304h144c17.67 0 32-14.33 32-32v-32c0-17.67-14.33-32-32-32z\"><\/path><\/svg>\t\t\t<\/span>\n\t\t\t\t\t\t\t\t\t<span class=\"elementor-button-text\">Personnalise ta bo\u00eete Maya<\/span>\n\t\t\t\t\t<\/span>\n\t\t\t\t\t<\/a>\n\t\t\t\t<\/div>\n\t\t\t\t\t\t\t\t<\/div>\n\t\t\t\t<\/div>\n\t\t\t\t\t<\/div>\n\t\t\t\t<\/div>\n\t\t\t\t\t<\/div>\n\t\t\t\t<\/div>\n\t\t\t\t<\/div>\n\t\t\t\t<\/div>","protected":false},"excerpt":{"rendered":"<p>DEINE MAYA-DOSE Maya Popcorn und Dosen-Design ganz nach Deinem Geschmack Du bist auf der Suche nach einem Geschenk f\u00fcr Deine Freunde, Kunden oder Mitarbeitenden mit Deiner ganz pers\u00f6nlichen Botschaft? Es soll ausgezeichnet schmecken und einzigartig sein? Wir haben die L\u00f6sung f\u00fcr Dich! Mit Maya Popcorn kannst Du Deine eigene, individuelle Popcorn-Dose gestalten \u2013 ideal f\u00fcr Werbegeschenke, Verein-Events, Geburtstage und frohe Feste aller Art. Zuerst personalisierst Du die Etikette ganz nach Deinen Vorstellungen, z.B. mit einem Foto, dem Logo Deines Vereins oder einer pers\u00f6nlichen Nachricht. Dann w\u00e4hlst Du f\u00fcr den Inhalt eine oder mehrere unserer feinen Geschmacksrichtungen aus \u2013 ganz einfach! Unser bestes Popcorn und Deine einzigartige Kreation \u2013 so macht Popcorn noch mehr Spass! Lass Deinen Ideen und Deiner Kreativit\u00e4t gleich freien Lauf! Deine Maya-Dose gestalten<\/p>","protected":false},"author":1,"featured_media":0,"parent":0,"menu_order":0,"comment_status":"closed","ping_status":"closed","template":"","meta":{"footnotes":""},"categories":[],"tags":[],"class_list":["post-5687","page","type-page","status-publish","hentry"],"_links":{"self":[{"href":"https:\/\/maya-popcorn.ch\/fr\/wp-json\/wp\/v2\/pages\/5687","targetHints":{"allow":["GET"]}}],"collection":[{"href":"https:\/\/maya-popcorn.ch\/fr\/wp-json\/wp\/v2\/pages"}],"about":[{"href":"https:\/\/maya-popcorn.ch\/fr\/wp-json\/wp\/v2\/types\/page"}],"author":[{"embeddable":true,"href":"https:\/\/maya-popcorn.ch\/fr\/wp-json\/wp\/v2\/users\/1"}],"replies":[{"embeddable":true,"href":"https:\/\/maya-popcorn.ch\/fr\/wp-json\/wp\/v2\/comments?post=5687"}],"version-history":[{"count":5,"href":"https:\/\/maya-popcorn.ch\/fr\/wp-json\/wp\/v2\/pages\/5687\/revisions"}],"predecessor-version":[{"id":8383,"href":"https:\/\/maya-popcorn.ch\/fr\/wp-json\/wp\/v2\/pages\/5687\/revisions\/8383"}],"wp:attachment":[{"href":"https:\/\/maya-popcorn.ch\/fr\/wp-json\/wp\/v2\/media?parent=5687"}],"wp:term":[{"taxonomy":"category","embeddable":true,"href":"https:\/\/maya-popcorn.ch\/fr\/wp-json\/wp\/v2\/categories?post=5687"},{"taxonomy":"post_tag","embeddable":true,"href":"https:\/\/maya-popcorn.ch\/fr\/wp-json\/wp\/v2\/tags?post=5687"}],"curies":[{"name":"wp","href":"https:\/\/api.w.org\/{rel}","templated":true}]}}