{"id":795,"date":"2024-03-06T10:23:39","date_gmt":"2024-03-06T10:23:39","guid":{"rendered":"https:\/\/sandbox.codespace.host\/?page_id=795"},"modified":"2025-11-03T15:03:18","modified_gmt":"2025-11-03T15:03:18","slug":"unsere-partner","status":"publish","type":"page","link":"https:\/\/maya-popcorn.ch\/fr\/unsere-partner\/","title":{"rendered":"Notre Partenaire"},"content":{"rendered":"<div data-elementor-type=\"wp-post\" data-elementor-id=\"795\" class=\"elementor elementor-795\" data-elementor-post-type=\"page\">\n\t\t\t\t<div class=\"elementor-element elementor-element-9e9ee3b e-grid e-con-full wpr-particle-no wpr-jarallax-no wpr-parallax-no wpr-sticky-section-no e-con e-parent\" data-id=\"9e9ee3b\" data-element_type=\"container\" data-e-type=\"container\" data-settings=\"{&quot;background_background&quot;:&quot;classic&quot;,&quot;shape_divider_bottom&quot;:&quot;waves&quot;,&quot;shape_divider_bottom_negative&quot;:&quot;yes&quot;}\">\n\t\t\t\t<div class=\"elementor-shape elementor-shape-bottom\" aria-hidden=\"true\" data-negative=\"true\">\n\t\t\t<svg xmlns=\"http:\/\/www.w3.org\/2000\/svg\" viewbox=\"0 0 1000 100\" preserveaspectratio=\"none\">\n\t<path class=\"elementor-shape-fill\" d=\"M790.5,93.1c-59.3-5.3-116.8-18-192.6-50c-29.6-12.7-76.9-31-100.5-35.9c-23.6-4.9-52.6-7.8-75.5-5.3\tc-10.2,1.1-22.6,1.4-50.1,7.4c-27.2,6.3-58.2,16.6-79.4,24.7c-41.3,15.9-94.9,21.9-134,22.6C72,58.2,0,25.8,0,25.8V100h1000V65.3\tc0,0-51.5,19.4-106.2,25.7C839.5,97,814.1,95.2,790.5,93.1z\"\/>\n<\/svg>\t\t<\/div>\n\t\t<div class=\"elementor-element elementor-element-27f6b3f e-grid e-con-boxed wpr-particle-no wpr-jarallax-no wpr-parallax-no wpr-sticky-section-no e-con e-child\" data-id=\"27f6b3f\" data-element_type=\"container\" data-e-type=\"container\" data-settings=\"{&quot;background_background&quot;:&quot;classic&quot;}\">\n\t\t\t\t\t<div class=\"e-con-inner\">\n\t\t<div class=\"elementor-element elementor-element-5bafddc e-flex e-con-boxed wpr-particle-no wpr-jarallax-no wpr-parallax-no wpr-sticky-section-no e-con e-child\" data-id=\"5bafddc\" data-element_type=\"container\" data-e-type=\"container\" data-settings=\"{&quot;background_background&quot;:&quot;classic&quot;}\">\n\t\t\t\t\t<div class=\"e-con-inner\">\n\t\t\t\t<div class=\"elementor-element elementor-element-11e276d elementor-widget elementor-widget-heading\" data-id=\"11e276d\" data-element_type=\"widget\" data-e-type=\"widget\" data-widget_type=\"heading.default\">\n\t\t\t\t<div class=\"elementor-widget-container\">\n\t\t\t\t\t<h2 class=\"elementor-heading-title elementor-size-default\">NOTRE PARTENAIRE<\/h2>\t\t\t\t<\/div>\n\t\t\t\t<\/div>\n\t\t\t\t\t<\/div>\n\t\t\t\t<\/div>\n\t\t\t\t\t<\/div>\n\t\t\t\t<\/div>\n\t\t\t\t<\/div>\n\t\t<div class=\"elementor-element elementor-element-087604b e-grid e-con-full wpr-particle-no wpr-jarallax-no wpr-parallax-no wpr-sticky-section-no e-con e-parent\" data-id=\"087604b\" data-element_type=\"container\" data-e-type=\"container\" data-settings=\"{&quot;background_background&quot;:&quot;classic&quot;}\">\n\t\t<div class=\"elementor-element elementor-element-82e3959 e-grid e-con-boxed wpr-particle-no wpr-jarallax-no wpr-parallax-no wpr-sticky-section-no e-con e-child\" data-id=\"82e3959\" data-element_type=\"container\" data-e-type=\"container\" data-settings=\"{&quot;background_background&quot;:&quot;classic&quot;}\">\n\t\t\t\t\t<div class=\"e-con-inner\">\n\t\t<div class=\"elementor-element elementor-element-b1079a7 e-flex e-con-boxed wpr-particle-no wpr-jarallax-no wpr-parallax-no wpr-sticky-section-no e-con e-child\" data-id=\"b1079a7\" data-element_type=\"container\" data-e-type=\"container\">\n\t\t\t\t\t<div class=\"e-con-inner\">\n\t\t\t\t<div class=\"elementor-element elementor-element-9a65e95 elementor-widget elementor-widget-heading\" data-id=\"9a65e95\" data-element_type=\"widget\" data-e-type=\"widget\" data-widget_type=\"heading.default\">\n\t\t\t\t<div class=\"elementor-widget-container\">\n\t\t\t\t\t<h4 class=\"elementor-heading-title elementor-size-default\">Ensemble pour une bonne action<\/h4>\t\t\t\t<\/div>\n\t\t\t\t<\/div>\n\t\t\t\t<div class=\"elementor-element elementor-element-39d1462 elementor-widget elementor-widget-heading\" data-id=\"39d1462\" data-element_type=\"widget\" data-e-type=\"widget\" data-widget_type=\"heading.default\">\n\t\t\t\t<div class=\"elementor-widget-container\">\n\t\t\t\t\t<h5 class=\"elementor-heading-title elementor-size-default\">Nous sommes fiers de pouvoir compter sur les comp\u00e9tences de ces personnes et nous r\u00e9jouissons de mener \u00e0 bien de belles actions avec la Fondation Br\u00e4ndi.<br><br>\nLa Fondation Br\u00e4ndi soutient et emploie principalement des personnes souffrant d'un handicap mental et leur propose des emplois, des activit\u00e9s et des formations.<br><br>\nNous sommes fiers de pouvoir compter sur les comp\u00e9tences de ces personnes et nous r\u00e9jouissons de faire le bien avec la fondation Br\u00e4ndi.<\/h5>\t\t\t\t<\/div>\n\t\t\t\t<\/div>\n\t\t\t\t\t<\/div>\n\t\t\t\t<\/div>\n\t\t\t\t\t<\/div>\n\t\t\t\t<\/div>\n\t\t\t\t<\/div>\n\t\t<div class=\"elementor-element elementor-element-2fbf9a0 e-grid e-con-boxed wpr-particle-no wpr-jarallax-no wpr-parallax-no wpr-sticky-section-no e-con e-parent\" data-id=\"2fbf9a0\" data-element_type=\"container\" data-e-type=\"container\" data-settings=\"{&quot;background_background&quot;:&quot;classic&quot;}\">\n\t\t\t\t\t<div class=\"e-con-inner\">\n\t\t<div class=\"elementor-element elementor-element-9a60157 e-flex e-con-boxed wpr-particle-no wpr-jarallax-no wpr-parallax-no wpr-sticky-section-no e-con e-child\" data-id=\"9a60157\" data-element_type=\"container\" data-e-type=\"container\" data-settings=\"{&quot;background_background&quot;:&quot;classic&quot;}\">\n\t\t\t\t\t<div class=\"e-con-inner\">\n\t\t\t\t<div class=\"elementor-element elementor-element-58d00bd elementor-widget elementor-widget-image\" data-id=\"58d00bd\" data-element_type=\"widget\" data-e-type=\"widget\" data-widget_type=\"image.default\">\n\t\t\t\t<div class=\"elementor-widget-container\">\n\t\t\t\t\t\t\t\t\t\t\t\t\t\t\t<img fetchpriority=\"high\" decoding=\"async\" width=\"2560\" height=\"1707\" src=\"https:\/\/maya-popcorn.ch\/wp-content\/uploads\/2024\/04\/BraendiMaya-1-scaled.jpg\" class=\"attachment-full size-full wp-image-5514\" alt=\"\" srcset=\"https:\/\/maya-popcorn.ch\/wp-content\/uploads\/2024\/04\/BraendiMaya-1-scaled.jpg 2560w, https:\/\/maya-popcorn.ch\/wp-content\/uploads\/2024\/04\/BraendiMaya-1-300x200.jpg 300w, https:\/\/maya-popcorn.ch\/wp-content\/uploads\/2024\/04\/BraendiMaya-1-1024x683.jpg 1024w, https:\/\/maya-popcorn.ch\/wp-content\/uploads\/2024\/04\/BraendiMaya-1-768x512.jpg 768w, https:\/\/maya-popcorn.ch\/wp-content\/uploads\/2024\/04\/BraendiMaya-1-1536x1024.jpg 1536w, https:\/\/maya-popcorn.ch\/wp-content\/uploads\/2024\/04\/BraendiMaya-1-2048x1365.jpg 2048w, https:\/\/maya-popcorn.ch\/wp-content\/uploads\/2024\/04\/BraendiMaya-1-18x12.jpg 18w\" sizes=\"(max-width: 2560px) 100vw, 2560px\" \/>\t\t\t\t\t\t\t\t\t\t\t\t\t\t\t<\/div>\n\t\t\t\t<\/div>\n\t\t\t\t<div class=\"elementor-element elementor-element-2d3f756 elementor-widget elementor-widget-spacer\" data-id=\"2d3f756\" data-element_type=\"widget\" data-e-type=\"widget\" data-widget_type=\"spacer.default\">\n\t\t\t\t<div class=\"elementor-widget-container\">\n\t\t\t\t\t\t\t<div class=\"elementor-spacer\">\n\t\t\t<div class=\"elementor-spacer-inner\"><\/div>\n\t\t<\/div>\n\t\t\t\t\t\t<\/div>\n\t\t\t\t<\/div>\n\t\t\t\t<div class=\"elementor-element elementor-element-50a48d5 elementor-align-center elementor-widescreen-align-left elementor-laptop-align-left elementor-tablet_extra-align-left elementor-tablet-align-left elementor-mobile_extra-align-left elementor-mobile-align-left elementor-widget elementor-widget-button\" data-id=\"50a48d5\" data-element_type=\"widget\" data-e-type=\"widget\" data-widget_type=\"button.default\">\n\t\t\t\t<div class=\"elementor-widget-container\">\n\t\t\t\t\t\t\t\t\t<div class=\"elementor-button-wrapper\">\n\t\t\t\t\t<a class=\"elementor-button elementor-button-link elementor-size-sm\" href=\"https:\/\/www.braendi.ch\/\" target=\"_blank\" rel=\"noopener\">\n\t\t\t\t\t\t<span class=\"elementor-button-content-wrapper\">\n\t\t\t\t\t\t<span class=\"elementor-button-icon\">\n\t\t\t\t<svg aria-hidden=\"true\" class=\"e-font-icon-svg e-fas-plus\" viewbox=\"0 0 448 512\" xmlns=\"http:\/\/www.w3.org\/2000\/svg\"><path d=\"M416 208H272V64c0-17.67-14.33-32-32-32h-32c-17.67 0-32 14.33-32 32v144H32c-17.67 0-32 14.33-32 32v32c0 17.67 14.33 32 32 32h144v144c0 17.67 14.33 32 32 32h32c17.67 0 32-14.33 32-32V304h144c17.67 0 32-14.33 32-32v-32c0-17.67-14.33-32-32-32z\"><\/path><\/svg>\t\t\t<\/span>\n\t\t\t\t\t\t\t\t\t<span class=\"elementor-button-text\">BR\u00c4NDI<\/span>\n\t\t\t\t\t<\/span>\n\t\t\t\t\t<\/a>\n\t\t\t\t<\/div>\n\t\t\t\t\t\t\t\t<\/div>\n\t\t\t\t<\/div>\n\t\t\t\t\t<\/div>\n\t\t\t\t<\/div>\n\t\t\t\t\t<\/div>\n\t\t\t\t<\/div>\n\t\t\t\t<\/div>","protected":false},"excerpt":{"rendered":"<p>UNSER PARTNER Gemeinsam Gutes tun Unsere Produkte werden unter strengsten hygienischen Bedingungen von der Stiftung Br\u00e4ndi in Willisau abgef\u00fcllt. Die Stiftung Br\u00e4ndi f\u00f6rdert und besch\u00e4ftigt vorwiegend Menschen mit einer geistigen Beeintr\u00e4chtigung und bietet ihnen Arbeits-, Besch\u00e4ftigungs- und Ausbildungspl\u00e4tze an. Wir sind stolz, auf die F\u00e4higkeiten dieser Menschen z\u00e4hlen zu d\u00fcrfen und freuen uns, gemeinsam mit der Stiftung Br\u00e4ndi Gutes zu tun. BR\u00c4NDI<\/p>","protected":false},"author":1,"featured_media":0,"parent":0,"menu_order":0,"comment_status":"closed","ping_status":"closed","template":"elementor_header_footer","meta":{"footnotes":""},"categories":[7],"tags":[],"class_list":["post-795","page","type-page","status-publish","hentry","category-final"],"_links":{"self":[{"href":"https:\/\/maya-popcorn.ch\/fr\/wp-json\/wp\/v2\/pages\/795","targetHints":{"allow":["GET"]}}],"collection":[{"href":"https:\/\/maya-popcorn.ch\/fr\/wp-json\/wp\/v2\/pages"}],"about":[{"href":"https:\/\/maya-popcorn.ch\/fr\/wp-json\/wp\/v2\/types\/page"}],"author":[{"embeddable":true,"href":"https:\/\/maya-popcorn.ch\/fr\/wp-json\/wp\/v2\/users\/1"}],"replies":[{"embeddable":true,"href":"https:\/\/maya-popcorn.ch\/fr\/wp-json\/wp\/v2\/comments?post=795"}],"version-history":[{"count":14,"href":"https:\/\/maya-popcorn.ch\/fr\/wp-json\/wp\/v2\/pages\/795\/revisions"}],"predecessor-version":[{"id":8593,"href":"https:\/\/maya-popcorn.ch\/fr\/wp-json\/wp\/v2\/pages\/795\/revisions\/8593"}],"wp:attachment":[{"href":"https:\/\/maya-popcorn.ch\/fr\/wp-json\/wp\/v2\/media?parent=795"}],"wp:term":[{"taxonomy":"category","embeddable":true,"href":"https:\/\/maya-popcorn.ch\/fr\/wp-json\/wp\/v2\/categories?post=795"},{"taxonomy":"post_tag","embeddable":true,"href":"https:\/\/maya-popcorn.ch\/fr\/wp-json\/wp\/v2\/tags?post=795"}],"curies":[{"name":"wp","href":"https:\/\/api.w.org\/{rel}","templated":true}]}}