{"id":8399,"date":"2024-12-23T09:14:10","date_gmt":"2024-12-23T09:14:10","guid":{"rendered":"https:\/\/maya-popcorn.ch\/?page_id=8399"},"modified":"2026-02-10T09:18:34","modified_gmt":"2026-02-10T09:18:34","slug":"anja-grossmann","status":"publish","type":"page","link":"https:\/\/maya-popcorn.ch\/fr\/anja-grossmann\/","title":{"rendered":"Anja Grossmann"},"content":{"rendered":"<div data-elementor-type=\"wp-post\" data-elementor-id=\"8399\" class=\"elementor elementor-8399\" data-elementor-post-type=\"page\">\n\t\t\t\t<div class=\"elementor-element elementor-element-a4e8fb7 e-grid e-con-full wpr-particle-no wpr-jarallax-no wpr-parallax-no wpr-sticky-section-no e-con e-parent\" data-id=\"a4e8fb7\" data-element_type=\"container\" data-e-type=\"container\" data-settings=\"{&quot;background_background&quot;:&quot;classic&quot;,&quot;shape_divider_bottom&quot;:&quot;waves&quot;,&quot;shape_divider_bottom_negative&quot;:&quot;yes&quot;}\">\n\t\t\t\t<div class=\"elementor-shape elementor-shape-bottom\" aria-hidden=\"true\" data-negative=\"true\">\n\t\t\t<svg xmlns=\"http:\/\/www.w3.org\/2000\/svg\" viewbox=\"0 0 1000 100\" preserveaspectratio=\"none\">\n\t<path class=\"elementor-shape-fill\" d=\"M790.5,93.1c-59.3-5.3-116.8-18-192.6-50c-29.6-12.7-76.9-31-100.5-35.9c-23.6-4.9-52.6-7.8-75.5-5.3\tc-10.2,1.1-22.6,1.4-50.1,7.4c-27.2,6.3-58.2,16.6-79.4,24.7c-41.3,15.9-94.9,21.9-134,22.6C72,58.2,0,25.8,0,25.8V100h1000V65.3\tc0,0-51.5,19.4-106.2,25.7C839.5,97,814.1,95.2,790.5,93.1z\"\/>\n<\/svg>\t\t<\/div>\n\t\t<div class=\"elementor-element elementor-element-a7f679f e-grid e-con-boxed wpr-particle-no wpr-jarallax-no wpr-parallax-no wpr-sticky-section-no e-con e-child\" data-id=\"a7f679f\" data-element_type=\"container\" data-e-type=\"container\" data-settings=\"{&quot;background_background&quot;:&quot;classic&quot;}\">\n\t\t\t\t\t<div class=\"e-con-inner\">\n\t\t<div class=\"elementor-element elementor-element-09ef4a0 e-flex e-con-boxed wpr-particle-no wpr-jarallax-no wpr-parallax-no wpr-sticky-section-no e-con e-child\" data-id=\"09ef4a0\" data-element_type=\"container\" data-e-type=\"container\" data-settings=\"{&quot;background_background&quot;:&quot;classic&quot;}\">\n\t\t\t\t\t<div class=\"e-con-inner\">\n\t\t\t\t<div class=\"elementor-element elementor-element-6282a8c elementor-widget elementor-widget-heading\" data-id=\"6282a8c\" data-element_type=\"widget\" data-e-type=\"widget\" data-widget_type=\"heading.default\">\n\t\t\t\t<div class=\"elementor-widget-container\">\n\t\t\t\t\t<h2 class=\"elementor-heading-title elementor-size-default\">Anja Grossmann <\/h2>\t\t\t\t<\/div>\n\t\t\t\t<\/div>\n\t\t\t\t\t<\/div>\n\t\t\t\t<\/div>\n\t\t\t\t\t<\/div>\n\t\t\t\t<\/div>\n\t\t\t\t<\/div>\n\t\t<div class=\"elementor-element elementor-element-51d8306 e-grid e-con-boxed wpr-particle-no wpr-jarallax-no wpr-parallax-no wpr-sticky-section-no e-con e-parent\" data-id=\"51d8306\" data-element_type=\"container\" data-e-type=\"container\">\n\t\t\t\t\t<div class=\"e-con-inner\">\n\t\t<div class=\"elementor-element elementor-element-0510090 e-flex e-con-boxed wpr-particle-no wpr-jarallax-no wpr-parallax-no wpr-sticky-section-no e-con e-child\" data-id=\"0510090\" data-element_type=\"container\" data-e-type=\"container\" data-settings=\"{&quot;background_background&quot;:&quot;classic&quot;}\">\n\t\t\t\t\t<div class=\"e-con-inner\">\n\t\t\t\t<div class=\"elementor-element elementor-element-4c3bacb elementor-widget elementor-widget-image\" data-id=\"4c3bacb\" data-element_type=\"widget\" data-e-type=\"widget\" data-widget_type=\"image.default\">\n\t\t\t\t<div class=\"elementor-widget-container\">\n\t\t\t\t\t\t\t\t\t\t\t\t\t\t\t<img fetchpriority=\"high\" decoding=\"async\" width=\"1920\" height=\"1280\" src=\"https:\/\/maya-popcorn.ch\/wp-content\/uploads\/2024\/12\/2_Anja_Champions_Anja-Seite.jpg\" class=\"attachment-full size-full wp-image-8400\" alt=\"\" srcset=\"https:\/\/maya-popcorn.ch\/wp-content\/uploads\/2024\/12\/2_Anja_Champions_Anja-Seite.jpg 1920w, https:\/\/maya-popcorn.ch\/wp-content\/uploads\/2024\/12\/2_Anja_Champions_Anja-Seite-300x200.jpg 300w, https:\/\/maya-popcorn.ch\/wp-content\/uploads\/2024\/12\/2_Anja_Champions_Anja-Seite-1024x683.jpg 1024w, https:\/\/maya-popcorn.ch\/wp-content\/uploads\/2024\/12\/2_Anja_Champions_Anja-Seite-768x512.jpg 768w, https:\/\/maya-popcorn.ch\/wp-content\/uploads\/2024\/12\/2_Anja_Champions_Anja-Seite-1536x1024.jpg 1536w, https:\/\/maya-popcorn.ch\/wp-content\/uploads\/2024\/12\/2_Anja_Champions_Anja-Seite-18x12.jpg 18w\" sizes=\"(max-width: 1920px) 100vw, 1920px\" \/>\t\t\t\t\t\t\t\t\t\t\t\t\t\t\t<\/div>\n\t\t\t\t<\/div>\n\t\t\t\t<div class=\"elementor-element elementor-element-beb4feb elementor-widget elementor-widget-spacer\" data-id=\"beb4feb\" data-element_type=\"widget\" data-e-type=\"widget\" data-widget_type=\"spacer.default\">\n\t\t\t\t<div class=\"elementor-widget-container\">\n\t\t\t\t\t\t\t<div class=\"elementor-spacer\">\n\t\t\t<div class=\"elementor-spacer-inner\"><\/div>\n\t\t<\/div>\n\t\t\t\t\t\t<\/div>\n\t\t\t\t<\/div>\n\t\t\t\t<div class=\"elementor-element elementor-element-d2568d1 elementor-widget elementor-widget-heading\" data-id=\"d2568d1\" data-element_type=\"widget\" data-e-type=\"widget\" data-widget_type=\"heading.default\">\n\t\t\t\t<div class=\"elementor-widget-container\">\n\t\t\t\t\t<h4 class=\"elementor-heading-title elementor-size-default\">Anja Grossmann <\/h4>\t\t\t\t<\/div>\n\t\t\t\t<\/div>\n\t\t\t\t<div class=\"elementor-element elementor-element-c3bc782 elementor-widget elementor-widget-heading\" data-id=\"c3bc782\" data-element_type=\"widget\" data-e-type=\"widget\" data-widget_type=\"heading.default\">\n\t\t\t\t<div class=\"elementor-widget-container\">\n\t\t\t\t\t<h5 class=\"elementor-heading-title elementor-size-default\">Une cycliste passionn\u00e9e au succ\u00e8s et aux ambitions impressionnants<\/h5>\t\t\t\t<\/div>\n\t\t\t\t<\/div>\n\t\t\t\t<div class=\"elementor-element elementor-element-96d983c elementor-widget elementor-widget-spacer\" data-id=\"96d983c\" data-element_type=\"widget\" data-e-type=\"widget\" data-widget_type=\"spacer.default\">\n\t\t\t\t<div class=\"elementor-widget-container\">\n\t\t\t\t\t\t\t<div class=\"elementor-spacer\">\n\t\t\t<div class=\"elementor-spacer-inner\"><\/div>\n\t\t<\/div>\n\t\t\t\t\t\t<\/div>\n\t\t\t\t<\/div>\n\t\t\t\t<div class=\"elementor-element elementor-element-f88b3dd elementor-widget elementor-widget-heading\" data-id=\"f88b3dd\" data-element_type=\"widget\" data-e-type=\"widget\" data-widget_type=\"heading.default\">\n\t\t\t\t<div class=\"elementor-widget-container\">\n\t\t\t\t\t<h5 class=\"elementor-heading-title elementor-size-default\">Anja Grossmann est une athl\u00e8te exceptionnelle dans le domaine du cyclisme, qui remporte des succ\u00e8s impressionnants aussi bien en VTT qu'en course sur route et en cyclo-cross. Sa polyvalence se traduit par une s\u00e9rie de titres importants : elle est plusieurs fois championne suisse de cross-country U17, de cyclo-cross et de courses sur route, ainsi que championne d'Europe jeunesse en short track et en cross-country. Une \u00e9tape particuli\u00e8re de sa carri\u00e8re a \u00e9t\u00e9 sa victoire aux championnats d'Europe de cyclocross en Espagne en 2024 - un succ\u00e8s qui confirme une fois de plus son travail acharn\u00e9 et son talent.<br><br>\nGr\u00e2ce \u00e0 sa discipline, sa technique et sa volont\u00e9 in\u00e9branlable, elle a domin\u00e9 les comp\u00e9titions nationales et internationales telles que l'\u00d6KK Bike Revolution et la CIC ON Swiss Bike Cup. De plus, en tant que membre de son \u00e9quipe, elle a r\u00e9alis\u00e9 des performances impressionnantes au sein de l'\u00e9quipe Realy lors des championnats d'Europe de la jeunesse et s'efforce toujours de repousser ses limites.<br><br>\nSon objectif \u00e0 long terme est de s'\u00e9tablir sur les plus grandes sc\u00e8nes du cyclisme, que ce soit sur des trails exigeants ou des parcours rapides sur route. Anja n'est donc pas seulement une athl\u00e8te accomplie, mais aussi une \u00e9l\u00e8ve d\u00e9termin\u00e9e et une personnalit\u00e9 motivante.\n<\/h5>\t\t\t\t<\/div>\n\t\t\t\t<\/div>\n\t\t\t\t<div class=\"elementor-element elementor-element-d5b7b36 elementor-widget-divider--view-line elementor-widget elementor-widget-divider\" data-id=\"d5b7b36\" data-element_type=\"widget\" data-e-type=\"widget\" data-widget_type=\"divider.default\">\n\t\t\t\t<div class=\"elementor-widget-container\">\n\t\t\t\t\t\t\t<div class=\"elementor-divider\">\n\t\t\t<span class=\"elementor-divider-separator\">\n\t\t\t\t\t\t<\/span>\n\t\t<\/div>\n\t\t\t\t\t\t<\/div>\n\t\t\t\t<\/div>\n\t\t\t\t<div class=\"elementor-element elementor-element-d8f62dd elementor-widget elementor-widget-spacer\" data-id=\"d8f62dd\" data-element_type=\"widget\" data-e-type=\"widget\" data-widget_type=\"spacer.default\">\n\t\t\t\t<div class=\"elementor-widget-container\">\n\t\t\t\t\t\t\t<div class=\"elementor-spacer\">\n\t\t\t<div class=\"elementor-spacer-inner\"><\/div>\n\t\t<\/div>\n\t\t\t\t\t\t<\/div>\n\t\t\t\t<\/div>\n\t\t<div class=\"elementor-element elementor-element-05eacd7 e-flex e-con-boxed wpr-particle-no wpr-jarallax-no wpr-parallax-no wpr-sticky-section-no e-con e-child\" data-id=\"05eacd7\" data-element_type=\"container\" data-e-type=\"container\">\n\t\t\t\t\t<div class=\"e-con-inner\">\n\t\t\t\t<div class=\"elementor-element elementor-element-57ce11d elementor-widget elementor-widget-ucaddon_responsive_testemonial_carousel\" data-id=\"57ce11d\" data-element_type=\"widget\" data-e-type=\"widget\" data-widget_type=\"ucaddon_responsive_testemonial_carousel.default\">\n\t\t\t\t<div class=\"elementor-widget-container\">\n\t\t\t\t\t\n<!-- start Testimonial Carousel -->\n\t\t<link id='font-awesome-css' href='https:\/\/maya-popcorn.ch\/wp-content\/plugins\/unlimited-elements-for-elementor-premium\/assets_libraries\/font-awesome6\/fontawesome-all.min.css' type='text\/css' rel='stylesheet' >\n\t\t<link id='font-awesome-4-shim-css' href='https:\/\/maya-popcorn.ch\/wp-content\/plugins\/unlimited-elements-for-elementor-premium\/assets_libraries\/font-awesome6\/fontawesome-v4-shims.min.css' type='text\/css' rel='stylesheet' >\n\t\t<link id='owl-carousel-css' href='https:\/\/maya-popcorn.ch\/wp-content\/plugins\/unlimited-elements-for-elementor-premium\/assets_libraries\/owl-carousel-new\/assets\/owl.carousel.css' type='text\/css' rel='stylesheet' >\n\n<style>\/* widget: Testimonial Carousel *\/\n\n\/* general styles *\/\n.uc_quote_slider{\n  min-height:1px;\n}\n\n#uc_responsive_testemonial_carousel_elementor_57ce11d *{\n  box-sizing:border-box;\n}\n\n#uc_responsive_testemonial_carousel_elementor_57ce11d .uc_quote_info .uc_author_avatar {\n  width: 100%;\n}\n\n#uc_responsive_testemonial_carousel_elementor_57ce11d .uc_quote_info .uc_author {\n  display: inline-flex;\n  align-items: center; \n    text-align:center;\n  }\n\n#uc_responsive_testemonial_carousel_elementor_57ce11d .uc_stars{\n  display:flex;\n}\n\n#uc_responsive_testemonial_carousel_elementor_57ce11d .uc_quote_info{\n  display:flex;\n}\n\n#uc_responsive_testemonial_carousel_elementor_57ce11d *{\n  outline:none;\n}\n\n#uc_responsive_testemonial_carousel_elementor_57ce11d .ue-image{\n  flex-grow:0;\n  flex-shrink:0;\n}\n\n#uc_responsive_testemonial_carousel_elementor_57ce11d .uc_quote_info .uc_author_info .uc_company {\n    color: ;\n}\n\n#uc_responsive_testemonial_carousel_elementor_57ce11d .ue-image-spacing{\n  flex-grow:0;\n  flex-shrink:0;\n}\n\n#uc_responsive_testemonial_carousel_elementor_57ce11d .ue-icon{\n  display:inline-flex;\n  justify-content:center;\n  align-items:center;\n}\n\n#uc_responsive_testemonial_carousel_elementor_57ce11d .ue-icon svg{\n  width:1em;\n  height:1em;\n}\n\n#uc_responsive_testemonial_carousel_elementor_57ce11d .uc_quote_item,\n#uc_responsive_testemonial_carousel_elementor_57ce11d .ue-flip-item-content{\n  transition: all .3s;\n}\n\n\/* end general styles *\/\n\n\/* carousel type owl *\/\n  #uc_responsive_testemonial_carousel_elementor_57ce11d .owl-dots {\n    overflow:hidden;\n  }\n\n  #uc_responsive_testemonial_carousel_elementor_57ce11d .owl-dot {\n    border-radius:50%;\n    display:inline-block;\n  }\n\n  #uc_responsive_testemonial_carousel_elementor_57ce11d .owl-nav .owl-prev,\n  #uc_responsive_testemonial_carousel_elementor_57ce11d .owl-nav .owl-next{\n      position:absolute;\n      display:inline-block;\n      text-align:center;\n  }\n\n  \n  \n\n\/* end carousel type owl *\/\n\n\/* carosuel type grid *\/\n.team_member_grid{\n  position:relative;\n  display:grid;\n}\n\n.team_member_grid .ue_grid_item{\n  position:relative;\n  display:flex;\n  flex-direction:column;\n}\n\/* end carousel type grid *\/\n\n<\/style>\n\n<div class=\"uc_quote_slider\" style=\"direction:ltr\" >  \n  <!-- carousel type owl -->\n  \t<div class=\"uc_carousel owl-carousel owl-theme uc-items-wrapper\" id=\"uc_responsive_testemonial_carousel_elementor_57ce11d\"  >\n          \t\t<div class=\"uc_quote_item ue-item     elementor-repeater-item-7c820c6\">\n\t\t\t<div class=\"uc_quote_info\">\n                \n\t\t\t\t<div class=\"uc_author\">\n                  \t                    <div class=\"ue-image\">\n\t\t\t\t\t   <img decoding=\"async\" class=\"uc_author_avatar\" src=\"https:\/\/maya-popcorn.ch\/wp-content\/uploads\/2024\/04\/MP-03.jpg\" height=\"48\" width=\"48\" alt=\"\" \/>\n                    <\/div>\n                    <div class=\"ue-image-spacing\"><\/div>\n                                      \n\t\t\t\t\t<div class=\"uc_author_info\">\n\t\t\t\t\t\t<div class=\"ue_title\">Anja<\/div>\t\t\t\t\t\t                        \n\t\t\t\t\t<\/div>\n\t\t\t\t<\/div>\n                <!-- end of credentials -->\n              \n                <div class=\"ue-text\"><p>Maya Popcorn est aussi vari\u00e9e que le cyclisme.<\/p><\/div>              \n              \t\t\t\t\t              \n              \n              \n                            \n\t\t\t<\/div>\n        <\/div>\n  <!-- end of block item -->\n\t<div class=\"uc_quote_item ue-item     elementor-repeater-item-a84b57e\">\n\t\t\t<div class=\"uc_quote_info\">\n                \n\t\t\t\t<div class=\"uc_author\">\n                  \t                    <div class=\"ue-image\">\n\t\t\t\t\t   <img decoding=\"async\" class=\"uc_author_avatar\" src=\"https:\/\/maya-popcorn.ch\/wp-content\/uploads\/2024\/04\/MP-03.jpg\" height=\"48\" width=\"48\" alt=\"\" \/>\n                    <\/div>\n                    <div class=\"ue-image-spacing\"><\/div>\n                                      \n\t\t\t\t\t<div class=\"uc_author_info\">\n\t\t\t\t\t\t<div class=\"ue_title\">Anja<\/div>\t\t\t\t\t\t                        \n\t\t\t\t\t<\/div>\n\t\t\t\t<\/div>\n                <!-- end of credentials -->\n              \n                <div class=\"ue-text\"><p>J'appr\u00e9cie les moments de calme et Maya Popcorn s'y pr\u00eate parfaitement.<\/p><\/div>              \n              \t\t\t\t\t              \n              \n              \n                            \n\t\t\t<\/div>\n        <\/div>\n  <!-- end of block item -->\n\t<div class=\"uc_quote_item ue-item     elementor-repeater-item-552d110\">\n\t\t\t<div class=\"uc_quote_info\">\n                \n\t\t\t\t<div class=\"uc_author\">\n                  \t                    <div class=\"ue-image\">\n\t\t\t\t\t   <img decoding=\"async\" class=\"uc_author_avatar\" src=\"https:\/\/maya-popcorn.ch\/wp-content\/uploads\/2024\/04\/MP-03.jpg\" height=\"48\" width=\"48\" alt=\"\" \/>\n                    <\/div>\n                    <div class=\"ue-image-spacing\"><\/div>\n                                      \n\t\t\t\t\t<div class=\"uc_author_info\">\n\t\t\t\t\t\t<div class=\"ue_title\">Anja<\/div>\t\t\t\t\t\t                        \n\t\t\t\t\t<\/div>\n\t\t\t\t<\/div>\n                <!-- end of credentials -->\n              \n                <div class=\"ue-text\"><p>Caramel a quelque chose de sp\u00e9cial, comme mes grands r\u00eaves et objectifs.<\/p><\/div>              \n              \t\t\t\t\t              \n              \n              \n                            \n\t\t\t<\/div>\n        <\/div>\n  <!-- end of block item -->\n\t<div class=\"uc_quote_item ue-item     elementor-repeater-item-73c5beb\">\n\t\t\t<div class=\"uc_quote_info\">\n                \n\t\t\t\t<div class=\"uc_author\">\n                  \t                    <div class=\"ue-image\">\n\t\t\t\t\t   <img decoding=\"async\" class=\"uc_author_avatar\" src=\"https:\/\/maya-popcorn.ch\/wp-content\/uploads\/2024\/04\/MP-03.jpg\" height=\"48\" width=\"48\" alt=\"\" \/>\n                    <\/div>\n                    <div class=\"ue-image-spacing\"><\/div>\n                                      \n\t\t\t\t\t<div class=\"uc_author_info\">\n\t\t\t\t\t\t<div class=\"ue_title\">Anja<\/div>\t\t\t\t\t\t                        \n\t\t\t\t\t<\/div>\n\t\t\t\t<\/div>\n                <!-- end of credentials -->\n              \n                <div class=\"ue-text\"><p>Maya Popcorn m'accompagne sur mon chemin et j'en suis reconnaissante<\/p><\/div>              \n              \t\t\t\t\t              \n              \n              \n                            \n\t\t\t<\/div>\n        <\/div>\n  <!-- end of block item -->\n\n    <\/div>\t\t\n    <!-- end carousel type owl -->\n\n  <!-- carousel type marquee -->\n    <!-- end carousel type marquee -->\n\n  <!-- carousel type coverflow -->\n    <!-- end carousel type coverflow -->\n\n  <!-- carousel type swipe -->\n    <!-- end carousel type swipe -->\n\n  <!-- carousel type grid -->\n    <!-- end carousel type grid -->\n\n<\/div>\n<!-- end Testimonial Carousel -->\t\t\t\t<\/div>\n\t\t\t\t<\/div>\n\t\t\t\t<div class=\"elementor-element elementor-element-c93315e elementor-widget-divider--view-line elementor-widget elementor-widget-divider\" data-id=\"c93315e\" data-element_type=\"widget\" data-e-type=\"widget\" data-widget_type=\"divider.default\">\n\t\t\t\t<div class=\"elementor-widget-container\">\n\t\t\t\t\t\t\t<div class=\"elementor-divider\">\n\t\t\t<span class=\"elementor-divider-separator\">\n\t\t\t\t\t\t<\/span>\n\t\t<\/div>\n\t\t\t\t\t\t<\/div>\n\t\t\t\t<\/div>\n\t\t\t\t<div class=\"elementor-element elementor-element-76393d1 elementor-widget elementor-widget-heading\" data-id=\"76393d1\" data-element_type=\"widget\" data-e-type=\"widget\" data-widget_type=\"heading.default\">\n\t\t\t\t<div class=\"elementor-widget-container\">\n\t\t\t\t\t<h4 class=\"elementor-heading-title elementor-size-default\">La vari\u00e9t\u00e9 pr\u00e9f\u00e9r\u00e9e de Anja<\/h4>\t\t\t\t<\/div>\n\t\t\t\t<\/div>\n\t\t\t\t\t<\/div>\n\t\t\t\t<\/div>\n\t\t<div class=\"elementor-element elementor-element-48e6e1e e-grid e-con-boxed wpr-particle-no wpr-jarallax-no wpr-parallax-no wpr-sticky-section-no e-con e-child\" data-id=\"48e6e1e\" data-element_type=\"container\" data-e-type=\"container\">\n\t\t\t\t\t<div class=\"e-con-inner\">\n\t\t<div class=\"elementor-element elementor-element-7d1b73f e-flex e-con-boxed wpr-particle-no wpr-jarallax-no wpr-parallax-no wpr-sticky-section-no e-con e-child\" data-id=\"7d1b73f\" data-element_type=\"container\" data-e-type=\"container\" data-settings=\"{&quot;background_background&quot;:&quot;classic&quot;}\">\n\t\t\t\t\t<div class=\"e-con-inner\">\n\t\t\t\t<div class=\"elementor-element elementor-element-0f711b5 elementor-widget elementor-widget-image\" data-id=\"0f711b5\" data-element_type=\"widget\" data-e-type=\"widget\" data-widget_type=\"image.default\">\n\t\t\t\t<div class=\"elementor-widget-container\">\n\t\t\t\t\t\t\t\t\t\t\t\t\t\t\t\t<a href=\"https:\/\/maya-popcorn.ch\/fr\/caramel\/\">\n\t\t\t\t\t\t\t<img decoding=\"async\" width=\"1500\" height=\"1500\" src=\"https:\/\/maya-popcorn.ch\/wp-content\/uploads\/2024\/04\/Bucket-Caramel.png\" class=\"elementor-animation-grow attachment-full size-full wp-image-5104\" alt=\"\" srcset=\"https:\/\/maya-popcorn.ch\/wp-content\/uploads\/2024\/04\/Bucket-Caramel.png 1500w, https:\/\/maya-popcorn.ch\/wp-content\/uploads\/2024\/04\/Bucket-Caramel-300x300.png 300w, https:\/\/maya-popcorn.ch\/wp-content\/uploads\/2024\/04\/Bucket-Caramel-1024x1024.png 1024w, https:\/\/maya-popcorn.ch\/wp-content\/uploads\/2024\/04\/Bucket-Caramel-150x150.png 150w, https:\/\/maya-popcorn.ch\/wp-content\/uploads\/2024\/04\/Bucket-Caramel-768x768.png 768w, https:\/\/maya-popcorn.ch\/wp-content\/uploads\/2024\/04\/Bucket-Caramel-12x12.png 12w\" sizes=\"(max-width: 1500px) 100vw, 1500px\" \/>\t\t\t\t\t\t\t\t<\/a>\n\t\t\t\t\t\t\t\t\t\t\t\t\t\t\t<\/div>\n\t\t\t\t<\/div>\n\t\t\t\t<div class=\"elementor-element elementor-element-826c069 elementor-widget elementor-widget-heading\" data-id=\"826c069\" data-element_type=\"widget\" data-e-type=\"widget\" data-widget_type=\"heading.default\">\n\t\t\t\t<div class=\"elementor-widget-container\">\n\t\t\t\t\t<h4 class=\"elementor-heading-title elementor-size-default\"><a href=\"https:\/\/maya-popcorn.ch\/fr\/caramel\/\">Caramel<\/a><\/h4>\t\t\t\t<\/div>\n\t\t\t\t<\/div>\n\t\t\t\t\t<\/div>\n\t\t\t\t<\/div>\n\t\t\t\t\t<\/div>\n\t\t\t\t<\/div>\n\t\t\t\t\t<\/div>\n\t\t\t\t<\/div>\n\t\t\t\t\t<\/div>\n\t\t\t\t<\/div>\n\t\t\t\t<\/div>","protected":false},"excerpt":{"rendered":"<p>Anja Grossmann Anja Grossmann Leidenschaftliche Radsportlerin mit beeindruckendem Erfolg und Ambitionen Anja Grossmann ist eine herausragende Athletin im Radsport, die sowohl im Mountainbike als auch im Strassenrennsport und im Cyclocross beeindruckende Erfolge feiert. Ihre Vielseitigkeit zeigt sich in einer Reihe bedeutender Titel: Sie ist mehrfache Schweizer Meisterin in Cross Country U17, Cyclocross und Strassenrennen sowie Jugend-Europameisterin im Short Track und Cross Country. Ein besonderer Meilenstein in ihrer Karriere war ihr Sieg bei der Cyclocross-Europameisterschaft in Spanien in 2024 \u2013 ein Erfolg, der ihre harte Arbeit und ihr Talent erneut best\u00e4tigt. Mit Disziplin, Technik und einem unersch\u00fctterlichen Willen hat sie auf nationalen und internationalen Wettbewerben wie der \u00d6KK Bike Revolution und dem CIC ON Swiss Bike Cup dominiert. Zus\u00e4tzlich hat sie als Mitglied ihres Teams beeindruckende Leistungen im Team Realy an den Jugend Europameisterschaften gezeigt und ist stets bestrebt, ihre Grenzen weiter zu verschieben. Ihr langfristiges Ziel ist es, sich auf den gr\u00f6ssten B\u00fchnen des Radsports zu etablieren \u2013 egal ob auf anspruchsvollen Trails oder schnellen Strassenkursen. Anja ist somit nicht nur eine erfolgreiche Athletin, sondern auch eine zielstrebige Sch\u00fclerin und motivierende Pers\u00f6nlichkeit. Anja Maya Popcorn ist so vielf\u00e4ltig wie der Radsport. Anja Ich geniesse ruhige Momente und da passt Maya Popcorn perfekt dazu. Anja Caramel hat etwas Spezielles, wie meine grossen Tr\u00e4ume und Ziele. Anja Maya Popcorn begleitet mich auf meinem Weg und daf\u00fcr bin ich dankbar. Anjas Lieblingsprodukt Caramel<\/p>","protected":false},"author":10,"featured_media":0,"parent":0,"menu_order":0,"comment_status":"closed","ping_status":"closed","template":"elementor_header_footer","meta":{"footnotes":""},"categories":[],"tags":[],"class_list":["post-8399","page","type-page","status-publish","hentry"],"_links":{"self":[{"href":"https:\/\/maya-popcorn.ch\/fr\/wp-json\/wp\/v2\/pages\/8399","targetHints":{"allow":["GET"]}}],"collection":[{"href":"https:\/\/maya-popcorn.ch\/fr\/wp-json\/wp\/v2\/pages"}],"about":[{"href":"https:\/\/maya-popcorn.ch\/fr\/wp-json\/wp\/v2\/types\/page"}],"author":[{"embeddable":true,"href":"https:\/\/maya-popcorn.ch\/fr\/wp-json\/wp\/v2\/users\/10"}],"replies":[{"embeddable":true,"href":"https:\/\/maya-popcorn.ch\/fr\/wp-json\/wp\/v2\/comments?post=8399"}],"version-history":[{"count":31,"href":"https:\/\/maya-popcorn.ch\/fr\/wp-json\/wp\/v2\/pages\/8399\/revisions"}],"predecessor-version":[{"id":8653,"href":"https:\/\/maya-popcorn.ch\/fr\/wp-json\/wp\/v2\/pages\/8399\/revisions\/8653"}],"wp:attachment":[{"href":"https:\/\/maya-popcorn.ch\/fr\/wp-json\/wp\/v2\/media?parent=8399"}],"wp:term":[{"taxonomy":"category","embeddable":true,"href":"https:\/\/maya-popcorn.ch\/fr\/wp-json\/wp\/v2\/categories?post=8399"},{"taxonomy":"post_tag","embeddable":true,"href":"https:\/\/maya-popcorn.ch\/fr\/wp-json\/wp\/v2\/tags?post=8399"}],"curies":[{"name":"wp","href":"https:\/\/api.w.org\/{rel}","templated":true}]}}